{"id":2408,"date":"2020-12-10T11:54:02","date_gmt":"2020-12-10T10:54:02","guid":{"rendered":"https:\/\/biomassza.veolia.hu\/szakoly-power-plant\/"},"modified":"2022-10-12T15:43:30","modified_gmt":"2022-10-12T13:43:30","slug":"szakoly-power-plant","status":"publish","type":"page","link":"https:\/\/biomassza.veolia.hu\/en\/szakoly-power-plant\/","title":{"rendered":"SZAKOLY POWER PLANT"},"content":{"rendered":"\n<style type=\"text\/css\" data-created_by=\"avia_inline_auto\" id=\"style-css-av-kik8vfak-887c8ef4488c4da4d90e3590a450cff9\">\n.avia-section.av-kik8vfak-887c8ef4488c4da4d90e3590a450cff9{\nbackground-color:#e32534;\nbackground-image:unset;\n}\n<\/style>\n<div id='av_section_1'  class='avia-section av-kik8vfak-887c8ef4488c4da4d90e3590a450cff9 main_color avia-section-small avia-no-border-styling  avia-builder-el-0  el_before_av_two_third  avia-builder-el-first  avia-bg-style-scroll container_wrap fullsize'  ><div class='container av-section-cont-open' ><main  role=\"main\" itemprop=\"mainContentOfPage\"  class='template-page content  av-content-full alpha units'><div class='post-entry post-entry-type-page post-entry-2408'><div class='entry-content-wrapper clearfix'>\n\n<style type=\"text\/css\" data-created_by=\"avia_inline_auto\" id=\"style-css-av-km6edith-172f0d375ef9aa63e1731130bdbb784f\">\n#top .av-special-heading.av-km6edith-172f0d375ef9aa63e1731130bdbb784f{\npadding-bottom:0;\ncolor:#ffffff;\nfont-size:34px;\n}\nbody .av-special-heading.av-km6edith-172f0d375ef9aa63e1731130bdbb784f .av-special-heading-tag .heading-char{\nfont-size:25px;\n}\n#top #wrap_all .av-special-heading.av-km6edith-172f0d375ef9aa63e1731130bdbb784f .av-special-heading-tag{\nfont-size:34px;\n}\n.av-special-heading.av-km6edith-172f0d375ef9aa63e1731130bdbb784f .special-heading-inner-border{\nborder-color:#ffffff;\n}\n.av-special-heading.av-km6edith-172f0d375ef9aa63e1731130bdbb784f .av-subheading{\nfont-size:15px;\n}\n\n@media only screen and (min-width: 480px) and (max-width: 767px){ \n#top #wrap_all .av-special-heading.av-km6edith-172f0d375ef9aa63e1731130bdbb784f .av-special-heading-tag{\nfont-size:0.8em;\n}\n}\n\n@media only screen and (max-width: 479px){ \n#top #wrap_all .av-special-heading.av-km6edith-172f0d375ef9aa63e1731130bdbb784f .av-special-heading-tag{\nfont-size:0.8em;\n}\n}\n<\/style>\n<div  class='av-special-heading av-km6edith-172f0d375ef9aa63e1731130bdbb784f av-special-heading-h1 custom-color-heading blockquote modern-quote  avia-builder-el-1  avia-builder-el-no-sibling  av-inherit-size'><h1 class='av-special-heading-tag '  itemprop=\"headline\"  >SZAKOLY POWER PLANT<\/h1><div class='av_custom_color av-subheading av-subheading_below'><p>DBM D\u00e9l-ny\u00edrs\u00e9gi Bioenergia M\u0171vek Energiatermel\u0151 Zrt.<\/p>\n<\/div><div class=\"special-heading-border\"><div class=\"special-heading-inner-border\"><\/div><\/div><\/div>\n<\/div><\/div><\/main><!-- close content main element --><\/div><\/div><div id='after_section_1'  class='main_color av_default_container_wrap container_wrap fullsize'  ><div class='container av-section-cont-open' ><div class='template-page content  av-content-full alpha units'><div class='post-entry post-entry-type-page post-entry-2408'><div class='entry-content-wrapper clearfix'>\n\n<style type=\"text\/css\" data-created_by=\"avia_inline_auto\" id=\"style-css-av-cb5lwj-5c8fc7698e119826246306526c4840b2\">\n.flex_column.av-cb5lwj-5c8fc7698e119826246306526c4840b2{\nborder-radius:0px 0px 0px 0px;\npadding:0px 0px 0px 0px;\n}\n<\/style>\n<div  class='flex_column av-cb5lwj-5c8fc7698e119826246306526c4840b2 av_two_third  avia-builder-el-2  el_after_av_section  el_before_av_one_third  avia-builder-el-first  first flex_column_div av-zero-column-padding  '     ><p>\n<style type=\"text\/css\" data-created_by=\"avia_inline_auto\" id=\"style-css-av-km6edqzi-353a58df6eb69f6dd0150e383f92fed4\">\n#top .av-special-heading.av-km6edqzi-353a58df6eb69f6dd0150e383f92fed4{\npadding-bottom:20px;\n}\nbody .av-special-heading.av-km6edqzi-353a58df6eb69f6dd0150e383f92fed4 .av-special-heading-tag .heading-char{\nfont-size:25px;\n}\n.av-special-heading.av-km6edqzi-353a58df6eb69f6dd0150e383f92fed4 .av-subheading{\nfont-size:15px;\n}\n<\/style>\n<div  class='av-special-heading av-km6edqzi-353a58df6eb69f6dd0150e383f92fed4 av-special-heading-h2 custom-color-heading blockquote modern-quote  avia-builder-el-3  el_before_av_textblock  avia-builder-el-first '><h2 class='av-special-heading-tag '  itemprop=\"headline\"  >ANNUAL CONSUMPTION QUANTITIES<\/h2><div class=\"special-heading-border\"><div class=\"special-heading-inner-border\"><\/div><\/div><\/div><br \/>\n<section  class='av_textblock_section av-1a4tbl-8027cc8fc601a23563590b86e163302d '   itemscope=\"itemscope\" itemtype=\"https:\/\/schema.org\/CreativeWork\" ><div class='avia_textblock av_inherit_color'  itemprop=\"text\" ><p>The fourth largest 100% biomass power plant in Hungary generates electricity for the national grid. The annual fuel demand of Szakoly Power Plant is approximately 180,000 tons, which is provided from renewable fuels using woody biomass and agricultural by-products.<\/p>\n<\/div><\/section><br \/>\n<section  class='av_textblock_section av-1a4tbl-8027cc8fc601a23563590b86e163302d '   itemscope=\"itemscope\" itemtype=\"https:\/\/schema.org\/CreativeWork\" ><div class='avia_textblock av_inherit_color'  itemprop=\"text\" ><p>Electric capacity: 19.8 MW<\/p>\n<\/div><\/section><br \/>\n<div  class='avia-slideshow av-kikb1dko-fee63b607887a5653c1ef6ef574ba1ce avia-slideshow-magazine av_slideshow avia-slide-slider  avia-builder-el-6  el_after_av_textblock  avia-builder-el-last  av-slideshow-ui av-control-default av-slideshow-autoplay av-loop-endless av-loop-manual-endless av-default-height-applied avia-slideshow-1' data-slideshow-options=\"{&quot;animation&quot;:&quot;slide&quot;,&quot;autoplay&quot;:true,&quot;loop_autoplay&quot;:&quot;endless&quot;,&quot;interval&quot;:5,&quot;loop_manual&quot;:&quot;manual-endless&quot;,&quot;autoplay_stopper&quot;:false,&quot;noNavigation&quot;:false,&quot;bg_slider&quot;:false,&quot;keep_padding&quot;:false,&quot;hoverpause&quot;:false,&quot;show_slide_delay&quot;:0}\"  itemprop=\"image\" itemscope=\"itemscope\" itemtype=\"https:\/\/schema.org\/ImageObject\" ><ul class='avia-slideshow-inner ' style='padding-bottom: 52.816901408451%;'><li  class='avia-slideshow-slide av-kikb1dko-fee63b607887a5653c1ef6ef574ba1ce__0  slide-1 slide-odd'><div data-rel='slideshow-1' class='avia-slide-wrap '   ><img decoding=\"async\" fetchpriority=\"high\" class=\"wp-image-2410 avia-img-lazy-loading-not-2410\"  src=\"https:\/\/biomassza.veolia.hu\/wp-content\/uploads\/szakoly-eromu-telephely-1-large-710x375.jpg\" width=\"710\" height=\"375\" title='Szakoly er\u0151m\u0171 telephely 1 (Large)' alt=''  itemprop=\"thumbnailUrl\"   \/><\/div><\/li><li  class='avia-slideshow-slide av-kikb1dko-fee63b607887a5653c1ef6ef574ba1ce__1  slide-2 slide-even'><div data-rel='slideshow-1' class='avia-slide-wrap '   ><img decoding=\"async\" fetchpriority=\"high\" class=\"wp-image-2418 avia-img-lazy-loading-not-2418\"  src=\"https:\/\/biomassza.veolia.hu\/wp-content\/uploads\/szakoly-eromu-telephely-2-large-710x375.jpg\" width=\"710\" height=\"375\" title='Szakoly er\u0151m\u0171 telephely 2 (Large)' alt=''  itemprop=\"thumbnailUrl\"   \/><\/div><\/li><li  class='avia-slideshow-slide av-kikb1dko-fee63b607887a5653c1ef6ef574ba1ce__2  slide-3 slide-odd'><div data-rel='slideshow-1' class='avia-slide-wrap '   ><img decoding=\"async\" fetchpriority=\"high\" class=\"wp-image-2413 avia-img-lazy-loading-not-2413\"  src=\"https:\/\/biomassza.veolia.hu\/wp-content\/uploads\/20200521_092632-710x375.jpg\" width=\"710\" height=\"375\" title='20200521_092632' alt=''  itemprop=\"thumbnailUrl\"   \/><\/div><\/li><li  class='avia-slideshow-slide av-kikb1dko-fee63b607887a5653c1ef6ef574ba1ce__3  slide-4 slide-even'><div data-rel='slideshow-1' class='avia-slide-wrap '   ><img decoding=\"async\" fetchpriority=\"high\" class=\"wp-image-2415 avia-img-lazy-loading-not-2415\"  src=\"https:\/\/biomassza.veolia.hu\/wp-content\/uploads\/20200521_094708-710x375.jpg\" width=\"710\" height=\"375\" title='20200521_094708' alt=''  itemprop=\"thumbnailUrl\"   \/><\/div><\/li><li  class='avia-slideshow-slide av-kikb1dko-fee63b607887a5653c1ef6ef574ba1ce__4  slide-5 slide-odd'><div data-rel='slideshow-1' class='avia-slide-wrap '   ><img decoding=\"async\" fetchpriority=\"high\" class=\"wp-image-2416 avia-img-lazy-loading-not-2416\"  src=\"https:\/\/biomassza.veolia.hu\/wp-content\/uploads\/20200521_094803-710x375.jpg\" width=\"710\" height=\"375\" title='20200521_094803' alt=''  itemprop=\"thumbnailUrl\"   \/><\/div><\/li><li  class='avia-slideshow-slide av-kikb1dko-fee63b607887a5653c1ef6ef574ba1ce__5  slide-6 slide-even'><div data-rel='slideshow-1' class='avia-slide-wrap '   ><img decoding=\"async\" fetchpriority=\"high\" class=\"wp-image-2417 avia-img-lazy-loading-not-2417\"  src=\"https:\/\/biomassza.veolia.hu\/wp-content\/uploads\/20200521_094725-710x375.jpg\" width=\"710\" height=\"375\" title='20200521_094725' alt=''  itemprop=\"thumbnailUrl\"   \/><\/div><\/li><\/ul><div class='avia-slideshow-arrows avia-slideshow-controls' ><a href='#prev' class='prev-slide  avia-svg-icon avia-font-svg_entypo-fontello' data-av_svg_icon='left-open-big' data-av_iconset='svg_entypo-fontello' tabindex='-1' title=\"Previous\"><svg version=\"1.1\" xmlns=\"http:\/\/www.w3.org\/2000\/svg\" width=\"15\" height=\"32\" viewBox=\"0 0 15 32\" preserveAspectRatio=\"xMidYMid meet\" aria-labelledby='av-svg-title-1' aria-describedby='av-svg-desc-1' role=\"graphics-symbol\" aria-hidden=\"true\">\n<title id='av-svg-title-1'>Previous<\/title>\n<desc id='av-svg-desc-1'>Previous<\/desc>\n<path d=\"M14.464 27.84q0.832 0.832 0 1.536-0.832 0.832-1.536 0l-12.544-12.608q-0.768-0.768 0-1.6l12.544-12.608q0.704-0.832 1.536 0 0.832 0.704 0 1.536l-11.456 11.904z\"><\/path>\n<\/svg><span class='avia_hidden_link_text'>Previous<\/span><\/a><a href='#next' class='next-slide  avia-svg-icon avia-font-svg_entypo-fontello' data-av_svg_icon='right-open-big' data-av_iconset='svg_entypo-fontello' tabindex='-1' title=\"Next\"><svg version=\"1.1\" xmlns=\"http:\/\/www.w3.org\/2000\/svg\" width=\"15\" height=\"32\" viewBox=\"0 0 15 32\" preserveAspectRatio=\"xMidYMid meet\" aria-labelledby='av-svg-title-2' aria-describedby='av-svg-desc-2' role=\"graphics-symbol\" aria-hidden=\"true\">\n<title id='av-svg-title-2'>Next<\/title>\n<desc id='av-svg-desc-2'>Next<\/desc>\n<path d=\"M0.416 27.84l11.456-11.84-11.456-11.904q-0.832-0.832 0-1.536 0.832-0.832 1.536 0l12.544 12.608q0.768 0.832 0 1.6l-12.544 12.608q-0.704 0.832-1.536 0-0.832-0.704 0-1.536z\"><\/path>\n<\/svg><span class='avia_hidden_link_text'>Next<\/span><\/a><\/div><div class='avia-slideshow-dots avia-slideshow-controls'><a href='#1' class='goto-slide active' >1<\/a><a href='#2' class='goto-slide ' >2<\/a><a href='#3' class='goto-slide ' >3<\/a><a href='#4' class='goto-slide ' >4<\/a><a href='#5' class='goto-slide ' >5<\/a><a href='#6' class='goto-slide ' >6<\/a><\/div><\/div><\/p><\/div>\n\n<style type=\"text\/css\" data-created_by=\"avia_inline_auto\" id=\"style-css-av-9tlssz-53034396ac7e3e78b0b3c7ede2c47a85\">\n.flex_column.av-9tlssz-53034396ac7e3e78b0b3c7ede2c47a85{\nborder-radius:0px 0px 0px 0px;\npadding:0px 0px 0px 0px;\n}\n<\/style>\n<div  class='flex_column av-9tlssz-53034396ac7e3e78b0b3c7ede2c47a85 av_one_third  avia-builder-el-7  el_after_av_two_third  avia-builder-el-last  flex_column_div av-zero-column-padding  '     ><p>\n<style type=\"text\/css\" data-created_by=\"avia_inline_auto\" id=\"style-css-av-av_heading-73024b7f91f558da35c0019632a49af7\">\n#top .av-special-heading.av-av_heading-73024b7f91f558da35c0019632a49af7{\npadding-bottom:20px;\nfont-size:28px;\n}\nbody .av-special-heading.av-av_heading-73024b7f91f558da35c0019632a49af7 .av-special-heading-tag .heading-char{\nfont-size:25px;\n}\n#top #wrap_all .av-special-heading.av-av_heading-73024b7f91f558da35c0019632a49af7 .av-special-heading-tag{\nfont-size:28px;\n}\n.av-special-heading.av-av_heading-73024b7f91f558da35c0019632a49af7 .av-subheading{\nfont-size:15px;\n}\n\n@media only screen and (min-width: 480px) and (max-width: 767px){ \n#top #wrap_all .av-special-heading.av-av_heading-73024b7f91f558da35c0019632a49af7 .av-special-heading-tag{\nfont-size:0.8em;\n}\n}\n\n@media only screen and (max-width: 479px){ \n#top #wrap_all .av-special-heading.av-av_heading-73024b7f91f558da35c0019632a49af7 .av-special-heading-tag{\nfont-size:0.8em;\n}\n}\n<\/style>\n<div  class='av-special-heading av-av_heading-73024b7f91f558da35c0019632a49af7 av-special-heading-h2 blockquote modern-quote modern-centered  avia-builder-el-8  el_before_av_team_member  avia-builder-el-first  av-inherit-size'><h2 class='av-special-heading-tag '  itemprop=\"headline\"  >CONTACT DETAILS<\/h2><div class=\"special-heading-border\"><div class=\"special-heading-inner-border\"><\/div><\/div><\/div><br \/>\n<section  class='avia-team-member av-ki0ak0wt-cf9400a5fb249ab391c430b879ba7a48  avia-builder-el-9  el_after_av_heading  el_before_av_textblock  av-desktop-hide av-medium-hide av-small-hide av-mini-hide'  itemscope=\"itemscope\" itemtype=\"https:\/\/schema.org\/Person\" ><div class=\"team-img-container\"><img decoding=\"async\" loading=\"lazy\" class='wp-image-1210 avia-img-lazy-loading-1210 avia_image avia_image_team av-team-img-original' src=\"https:\/\/biomassza.veolia.hu\/wp-content\/uploads\/sinka-janos-150x150.jpg\" alt='Sinka J\u00e1nos'  itemprop=\"image\"   height=\"150\" width=\"150\" srcset=\"https:\/\/biomassza.veolia.hu\/wp-content\/uploads\/sinka-janos-150x150.jpg 150w, https:\/\/biomassza.veolia.hu\/wp-content\/uploads\/sinka-janos-36x36.jpg 36w, https:\/\/biomassza.veolia.hu\/wp-content\/uploads\/sinka-janos-180x180.jpg 180w\" sizes=\"auto, (max-width: 150px) 100vw, 150px\" \/><\/div><h3 class='team-member-name '  itemprop=\"name\" >Sinka J\u00e1nos<\/h3><div class='team-member-job-title '  itemprop=\"jobTitle\" >Site manager<\/div><span class='hidden team-member-affiliation'  itemprop=\"affiliation\" >Pannon-Biomassza Kft.<\/span><\/section><br \/>\n<section  class='av_textblock_section av-hrf96-67454c9d259db42a6f57de8389dde0f2 '   itemscope=\"itemscope\" itemtype=\"https:\/\/schema.org\/CreativeWork\" ><div class='avia_textblock'  itemprop=\"text\" ><p style=\"text-align: center;\"><strong>Site manager:<\/strong><br \/>\nLosonczi Tibor<\/p>\n<p style=\"text-align: center;\"><strong>Phone:<\/strong><br \/>\n<a href=\"tel:+36 72 534 211\">+36 20 404 7761<\/a><\/p>\n<p style=\"text-align: center;\"><strong>E-mail address:<\/strong><br \/>\n<a href=\"mailto:tibor.losonczi@veolia.com\" rel=\"nofollow sponsored\">tibor.losonczi@veolia.com<\/a><\/p>\n<p style=\"text-align: center;\"><strong>Site location:<\/strong><br \/>\n<a href=\"maps:daddr=47.7663318,21.8728258&amp;saddr=Current%20Location\">4232 Szakoly, 0296\/2<\/a><\/p>\n<p style=\"text-align: center;\"><strong>GPS:<\/strong><br \/>\n<a href=\"maps:daddr=47.7663318,21.8728258&amp;saddr=Current%20Location\">47.7663318, 21.8728258<\/a><\/p>\n<\/div><\/section><\/p><\/div>\n","protected":false},"excerpt":{"rendered":"","protected":false},"author":1,"featured_media":2410,"parent":0,"menu_order":0,"comment_status":"closed","ping_status":"closed","template":"","meta":{"inline_featured_image":false,"footnotes":""},"class_list":["post-2408","page","type-page","status-publish","has-post-thumbnail","hentry"],"_links":{"self":[{"href":"https:\/\/biomassza.veolia.hu\/en\/wp-json\/wp\/v2\/pages\/2408","targetHints":{"allow":["GET"]}}],"collection":[{"href":"https:\/\/biomassza.veolia.hu\/en\/wp-json\/wp\/v2\/pages"}],"about":[{"href":"https:\/\/biomassza.veolia.hu\/en\/wp-json\/wp\/v2\/types\/page"}],"author":[{"embeddable":true,"href":"https:\/\/biomassza.veolia.hu\/en\/wp-json\/wp\/v2\/users\/1"}],"replies":[{"embeddable":true,"href":"https:\/\/biomassza.veolia.hu\/en\/wp-json\/wp\/v2\/comments?post=2408"}],"version-history":[{"count":0,"href":"https:\/\/biomassza.veolia.hu\/en\/wp-json\/wp\/v2\/pages\/2408\/revisions"}],"wp:featuredmedia":[{"embeddable":true,"href":"https:\/\/biomassza.veolia.hu\/en\/wp-json\/wp\/v2\/media\/2410"}],"wp:attachment":[{"href":"https:\/\/biomassza.veolia.hu\/en\/wp-json\/wp\/v2\/media?parent=2408"}],"curies":[{"name":"wp","href":"https:\/\/api.w.org\/{rel}","templated":true}]}}