{"id":2428,"date":"2020-12-10T14:11:52","date_gmt":"2020-12-10T13:11:52","guid":{"rendered":"https:\/\/biomassza.veolia.hu\/balazott-lagyszaru-tuzeloanyag\/"},"modified":"2021-03-12T18:15:57","modified_gmt":"2021-03-12T17:15:57","slug":"balazott-lagyszaru-tuzeloanyag","status":"publish","type":"page","link":"https:\/\/biomassza.veolia.hu\/en\/balazott-lagyszaru-tuzeloanyag\/","title":{"rendered":"BALED HERBACEOUS FUEL"},"content":{"rendered":"\n<style type=\"text\/css\" data-created_by=\"avia_inline_auto\" id=\"style-css-av-kik8vfak-887c8ef4488c4da4d90e3590a450cff9\">\n.avia-section.av-kik8vfak-887c8ef4488c4da4d90e3590a450cff9{\nbackground-color:#e32534;\nbackground-image:unset;\n}\n<\/style>\n<div id='av_section_1'  class='avia-section av-kik8vfak-887c8ef4488c4da4d90e3590a450cff9 main_color avia-section-small avia-no-border-styling  avia-builder-el-0  el_before_av_section  avia-builder-el-first  avia-bg-style-scroll container_wrap fullsize'  ><div class='container av-section-cont-open' ><main  role=\"main\" itemprop=\"mainContentOfPage\"  class='template-page content  av-content-full alpha units'><div class='post-entry post-entry-type-page post-entry-2428'><div class='entry-content-wrapper clearfix'>\n\n<style type=\"text\/css\" data-created_by=\"avia_inline_auto\" id=\"style-css-av-km6k9hrf-559301662af84fc4d58d410af53f20ff\">\n#top .av-special-heading.av-km6k9hrf-559301662af84fc4d58d410af53f20ff{\npadding-bottom:0;\ncolor:#ffffff;\nfont-size:34px;\n}\nbody .av-special-heading.av-km6k9hrf-559301662af84fc4d58d410af53f20ff .av-special-heading-tag .heading-char{\nfont-size:25px;\n}\n#top #wrap_all .av-special-heading.av-km6k9hrf-559301662af84fc4d58d410af53f20ff .av-special-heading-tag{\nfont-size:34px;\n}\n.av-special-heading.av-km6k9hrf-559301662af84fc4d58d410af53f20ff .special-heading-inner-border{\nborder-color:#ffffff;\n}\n.av-special-heading.av-km6k9hrf-559301662af84fc4d58d410af53f20ff .av-subheading{\nfont-size:15px;\n}\n\n@media only screen and (min-width: 480px) and (max-width: 767px){ \n#top #wrap_all .av-special-heading.av-km6k9hrf-559301662af84fc4d58d410af53f20ff .av-special-heading-tag{\nfont-size:0.8em;\n}\n}\n\n@media only screen and (max-width: 479px){ \n#top #wrap_all .av-special-heading.av-km6k9hrf-559301662af84fc4d58d410af53f20ff .av-special-heading-tag{\nfont-size:0.8em;\n}\n}\n<\/style>\n<div  class='av-special-heading av-km6k9hrf-559301662af84fc4d58d410af53f20ff av-special-heading-h1 custom-color-heading blockquote modern-quote  avia-builder-el-1  avia-builder-el-no-sibling  av-inherit-size'><h1 class='av-special-heading-tag '  itemprop=\"headline\"  >BALED HERBACEOUS FUEL<\/h1><div class=\"special-heading-border\"><div class=\"special-heading-inner-border\"><\/div><\/div><\/div>\n<\/div><\/div><\/main><!-- close content main element --><\/div><\/div><div id='av_section_2'  class='avia-section av-3l6hei-8458f4fa6858287dae9c7d48927e19ac main_color avia-section-small avia-no-border-styling  avia-builder-el-2  el_after_av_section  avia-builder-el-last  avia-bg-style-scroll container_wrap fullsize'  ><div class='container av-section-cont-open' ><div class='template-page content  av-content-full alpha units'><div class='post-entry post-entry-type-page post-entry-2428'><div class='entry-content-wrapper clearfix'>\n\n<style type=\"text\/css\" data-created_by=\"avia_inline_auto\" id=\"style-css-av-2rmdu-5307d1a6ebca1a9335aa72d572a5ecd3\">\n.flex_column.av-2rmdu-5307d1a6ebca1a9335aa72d572a5ecd3{\nborder-radius:0px 0px 0px 0px;\npadding:0px 0px 0px 0px;\n}\n<\/style>\n<div  class='flex_column av-2rmdu-5307d1a6ebca1a9335aa72d572a5ecd3 av_one_full  avia-builder-el-3  el_before_av_one_third  avia-builder-el-first  first flex_column_div av-animated-generic bottom-to-top av-zero-column-padding  '     ><p>\n<style type=\"text\/css\" data-created_by=\"avia_inline_auto\" id=\"style-css-av-km6k9pb9-dd2681a502775d5cf5f425bcfef227a1\">\n#top .av-special-heading.av-km6k9pb9-dd2681a502775d5cf5f425bcfef227a1{\npadding-bottom:20px;\n}\nbody .av-special-heading.av-km6k9pb9-dd2681a502775d5cf5f425bcfef227a1 .av-special-heading-tag .heading-char{\nfont-size:25px;\n}\n.av-special-heading.av-km6k9pb9-dd2681a502775d5cf5f425bcfef227a1 .av-subheading{\nfont-size:15px;\n}\n<\/style>\n<div  class='av-special-heading av-km6k9pb9-dd2681a502775d5cf5f425bcfef227a1 av-special-heading-h2 blockquote modern-quote  avia-builder-el-4  el_before_av_textblock  avia-builder-el-first '><h2 class='av-special-heading-tag '  itemprop=\"headline\"  >QUALITY REQUIREMENTS<\/h2><div class=\"special-heading-border\"><div class=\"special-heading-inner-border\"><\/div><\/div><\/div><br \/>\n<section  class='av_textblock_section av-hrf96-67454c9d259db42a6f57de8389dde0f2 '   itemscope=\"itemscope\" itemtype=\"https:\/\/schema.org\/CreativeWork\" ><div class='avia_textblock'  itemprop=\"text\" ><p>Straw is defined as cereals (triticale, wheat, barley, rye and oats) from agricultural production, as well as rapeseed, soybeans, energy grass and energy cane, corn stalks and stalk parts.<\/p>\n<p>Straw is accepted in square bales of the following dimensions. Bales should be delivered tied with a minimum of four combustible lanyards.<\/p>\n<ul>\n<li>width: 1200 mm +20 mm or -30 mm<\/li>\n<li>length: 2500 mm \u00b1 100 mm<\/li>\n<li>height: 900 +20 mm or -30 mm<\/li>\n<li>minimum weight: 400 kg<\/li>\n<li>maximum weight: 700 kg<\/li>\n<\/ul>\n<\/div><\/section><\/p><\/div>\n<style type=\"text\/css\" data-created_by=\"avia_inline_auto\" id=\"style-css-av-2pr72h-b41eaf0e0202c16d870978f802817ebe\">\n.flex_column.av-2pr72h-b41eaf0e0202c16d870978f802817ebe{\nborder-radius:0px 0px 0px 0px;\npadding:0px 0px 0px 0px;\n}\n<\/style>\n<div  class='flex_column av-2pr72h-b41eaf0e0202c16d870978f802817ebe av_one_third  avia-builder-el-6  el_after_av_one_full  el_before_av_one_third  first flex_column_div av-zero-column-padding  column-top-margin'     ><style type=\"text\/css\" data-created_by=\"avia_inline_auto\" id=\"style-css-av-kik94jyw-bb7034ab9888f7044ec3f9e751a6f451\">\n.avia-image-container.av-kik94jyw-bb7034ab9888f7044ec3f9e751a6f451 img.avia_image{\nbox-shadow:none;\n}\n.avia-image-container.av-kik94jyw-bb7034ab9888f7044ec3f9e751a6f451 .av-image-caption-overlay-center{\ncolor:#ffffff;\n}\n<\/style>\n<div  class='avia-image-container av-kik94jyw-bb7034ab9888f7044ec3f9e751a6f451 av-styling- av-img-linked avia-align-center  avia-builder-el-7  avia-builder-el-no-sibling '   itemprop=\"image\" itemscope=\"itemscope\" itemtype=\"https:\/\/schema.org\/ImageObject\" ><div class=\"avia-image-container-inner\"><div class=\"avia-image-overlay-wrap\"><a href=\"https:\/\/biomassza.veolia.hu\/wp-content\/uploads\/bala_3_meretezett_2-1030x684.jpg\" data-srcset=\"https:\/\/biomassza.veolia.hu\/wp-content\/uploads\/bala_3_meretezett_2-1030x684.jpg 1030w, https:\/\/biomassza.veolia.hu\/wp-content\/uploads\/bala_3_meretezett_2-300x199.jpg 300w, https:\/\/biomassza.veolia.hu\/wp-content\/uploads\/bala_3_meretezett_2-768x510.jpg 768w, https:\/\/biomassza.veolia.hu\/wp-content\/uploads\/bala_3_meretezett_2-1536x1020.jpg 1536w, https:\/\/biomassza.veolia.hu\/wp-content\/uploads\/bala_3_meretezett_2-1500x996.jpg 1500w, https:\/\/biomassza.veolia.hu\/wp-content\/uploads\/bala_3_meretezett_2-705x468.jpg 705w, https:\/\/biomassza.veolia.hu\/wp-content\/uploads\/bala_3_meretezett_2.jpg 1626w\" data-sizes=\"(max-width: 1030px) 100vw, 1030px\" class='avia_image '  aria-label='bala_3_meretezett_2'><img decoding=\"async\" fetchpriority=\"high\" class='wp-image-2432 avia-img-lazy-loading-not-2432 avia_image ' src=\"https:\/\/biomassza.veolia.hu\/wp-content\/uploads\/bala_3_meretezett_2-495x400.jpg\" alt='' title='bala_3_meretezett_2'  height=\"400\" width=\"495\"  itemprop=\"thumbnailUrl\" srcset=\"https:\/\/biomassza.veolia.hu\/wp-content\/uploads\/bala_3_meretezett_2-495x400.jpg 495w, https:\/\/biomassza.veolia.hu\/wp-content\/uploads\/bala_3_meretezett_2-845x684.jpg 845w\" sizes=\"(max-width: 495px) 100vw, 495px\" \/><\/a><\/div><\/div><\/div><\/div>\n<style type=\"text\/css\" data-created_by=\"avia_inline_auto\" id=\"style-css-av-2pr72h-b0ad60ca92ae5f1b71623d836096cfdc\">\n.flex_column.av-2pr72h-b0ad60ca92ae5f1b71623d836096cfdc{\nborder-radius:0px 0px 0px 0px;\npadding:0px 0px 0px 0px;\n}\n<\/style>\n<div  class='flex_column av-2pr72h-b0ad60ca92ae5f1b71623d836096cfdc av_one_third  avia-builder-el-8  el_after_av_one_third  el_before_av_one_third  flex_column_div av-zero-column-padding  column-top-margin'     ><style type=\"text\/css\" data-created_by=\"avia_inline_auto\" id=\"style-css-av-kik94jyw-686568c5f6022e47e0fca499e30233ed\">\n.avia-image-container.av-kik94jyw-686568c5f6022e47e0fca499e30233ed img.avia_image{\nbox-shadow:none;\n}\n.avia-image-container.av-kik94jyw-686568c5f6022e47e0fca499e30233ed .av-image-caption-overlay-center{\ncolor:#ffffff;\n}\n<\/style>\n<div  class='avia-image-container av-kik94jyw-686568c5f6022e47e0fca499e30233ed av-styling- av-img-linked avia-align-center  avia-builder-el-9  avia-builder-el-no-sibling '   itemprop=\"image\" itemscope=\"itemscope\" itemtype=\"https:\/\/schema.org\/ImageObject\" ><div class=\"avia-image-container-inner\"><div class=\"avia-image-overlay-wrap\"><a href=\"https:\/\/biomassza.veolia.hu\/wp-content\/uploads\/7-gara-1000tonna-b-1030x773.jpg\" data-srcset=\"https:\/\/biomassza.veolia.hu\/wp-content\/uploads\/7-gara-1000tonna-b-1030x773.jpg 1030w, https:\/\/biomassza.veolia.hu\/wp-content\/uploads\/7-gara-1000tonna-b-300x225.jpg 300w, https:\/\/biomassza.veolia.hu\/wp-content\/uploads\/7-gara-1000tonna-b-768x576.jpg 768w, https:\/\/biomassza.veolia.hu\/wp-content\/uploads\/7-gara-1000tonna-b-705x529.jpg 705w, https:\/\/biomassza.veolia.hu\/wp-content\/uploads\/7-gara-1000tonna-b.jpg 1440w\" data-sizes=\"(max-width: 1030px) 100vw, 1030px\" class='avia_image '  aria-label='7 Gara 1000tonna B'><img decoding=\"async\" fetchpriority=\"high\" class='wp-image-2429 avia-img-lazy-loading-not-2429 avia_image ' src=\"https:\/\/biomassza.veolia.hu\/wp-content\/uploads\/7-gara-1000tonna-b-495x400.jpg\" alt='' title='7 Gara 1000tonna B'  height=\"400\" width=\"495\"  itemprop=\"thumbnailUrl\" srcset=\"https:\/\/biomassza.veolia.hu\/wp-content\/uploads\/7-gara-1000tonna-b-495x400.jpg 495w, https:\/\/biomassza.veolia.hu\/wp-content\/uploads\/7-gara-1000tonna-b-845x684.jpg 845w\" sizes=\"(max-width: 495px) 100vw, 495px\" \/><\/a><\/div><\/div><\/div><\/div>\n<style type=\"text\/css\" data-created_by=\"avia_inline_auto\" id=\"style-css-av-2pr72h-b0ad60ca92ae5f1b71623d836096cfdc\">\n.flex_column.av-2pr72h-b0ad60ca92ae5f1b71623d836096cfdc{\nborder-radius:0px 0px 0px 0px;\npadding:0px 0px 0px 0px;\n}\n<\/style>\n<div  class='flex_column av-2pr72h-b0ad60ca92ae5f1b71623d836096cfdc av_one_third  avia-builder-el-10  el_after_av_one_third  avia-builder-el-last  flex_column_div av-zero-column-padding  column-top-margin'     ><style type=\"text\/css\" data-created_by=\"avia_inline_auto\" id=\"style-css-av-kik94jyw-3b257b1b7e7f40122d65ac3637298dcb\">\n.avia-image-container.av-kik94jyw-3b257b1b7e7f40122d65ac3637298dcb img.avia_image{\nbox-shadow:none;\n}\n.avia-image-container.av-kik94jyw-3b257b1b7e7f40122d65ac3637298dcb .av-image-caption-overlay-center{\ncolor:#ffffff;\n}\n<\/style>\n<div  class='avia-image-container av-kik94jyw-3b257b1b7e7f40122d65ac3637298dcb av-styling- av-img-linked avia-align-center  avia-builder-el-11  avia-builder-el-no-sibling '   itemprop=\"image\" itemscope=\"itemscope\" itemtype=\"https:\/\/schema.org\/ImageObject\" ><div class=\"avia-image-container-inner\"><div class=\"avia-image-overlay-wrap\"><a href=\"https:\/\/biomassza.veolia.hu\/wp-content\/uploads\/szalma-1.jpg\" data-srcset=\"https:\/\/biomassza.veolia.hu\/wp-content\/uploads\/szalma-1.jpg 750w, https:\/\/biomassza.veolia.hu\/wp-content\/uploads\/szalma-1-300x200.jpg 300w, https:\/\/biomassza.veolia.hu\/wp-content\/uploads\/szalma-1-705x470.jpg 705w\" data-sizes=\"(max-width: 750px) 100vw, 750px\" class='avia_image '  aria-label='Szalmab\u00e1la el\u0151\u00e1ll\u00edt\u00e1sa'><img decoding=\"async\" fetchpriority=\"high\" class='wp-image-2433 avia-img-lazy-loading-not-2433 avia_image ' src=\"https:\/\/biomassza.veolia.hu\/wp-content\/uploads\/szalma-1-495x400.jpg\" alt='' title='Szalmab\u00e1la el\u0151\u00e1ll\u00edt\u00e1sa'  height=\"400\" width=\"495\"  itemprop=\"thumbnailUrl\"  \/><\/a><\/div><\/div><\/div><\/div><\/p>\n","protected":false},"excerpt":{"rendered":"","protected":false},"author":1,"featured_media":2430,"parent":0,"menu_order":0,"comment_status":"closed","ping_status":"closed","template":"","meta":{"inline_featured_image":false,"footnotes":""},"class_list":["post-2428","page","type-page","status-publish","has-post-thumbnail","hentry"],"_links":{"self":[{"href":"https:\/\/biomassza.veolia.hu\/en\/wp-json\/wp\/v2\/pages\/2428","targetHints":{"allow":["GET"]}}],"collection":[{"href":"https:\/\/biomassza.veolia.hu\/en\/wp-json\/wp\/v2\/pages"}],"about":[{"href":"https:\/\/biomassza.veolia.hu\/en\/wp-json\/wp\/v2\/types\/page"}],"author":[{"embeddable":true,"href":"https:\/\/biomassza.veolia.hu\/en\/wp-json\/wp\/v2\/users\/1"}],"replies":[{"embeddable":true,"href":"https:\/\/biomassza.veolia.hu\/en\/wp-json\/wp\/v2\/comments?post=2428"}],"version-history":[{"count":0,"href":"https:\/\/biomassza.veolia.hu\/en\/wp-json\/wp\/v2\/pages\/2428\/revisions"}],"wp:featuredmedia":[{"embeddable":true,"href":"https:\/\/biomassza.veolia.hu\/en\/wp-json\/wp\/v2\/media\/2430"}],"wp:attachment":[{"href":"https:\/\/biomassza.veolia.hu\/en\/wp-json\/wp\/v2\/media?parent=2428"}],"curies":[{"name":"wp","href":"https:\/\/api.w.org\/{rel}","templated":true}]}}