{"id":2435,"date":"2020-12-10T13:51:59","date_gmt":"2020-12-10T12:51:59","guid":{"rendered":"https:\/\/biomassza.veolia.hu\/mezogazdasagi-mellektermek\/"},"modified":"2021-03-12T18:18:23","modified_gmt":"2021-03-12T17:18:23","slug":"agricultural-by-products","status":"publish","type":"page","link":"https:\/\/biomassza.veolia.hu\/en\/agricultural-by-products\/","title":{"rendered":"AGRICULTURAL BY-PRODUCTS"},"content":{"rendered":"\n<style type=\"text\/css\" data-created_by=\"avia_inline_auto\" id=\"style-css-av-kik8vfak-887c8ef4488c4da4d90e3590a450cff9\">\n.avia-section.av-kik8vfak-887c8ef4488c4da4d90e3590a450cff9{\nbackground-color:#e32534;\nbackground-image:unset;\n}\n<\/style>\n<div id='av_section_1'  class='avia-section av-kik8vfak-887c8ef4488c4da4d90e3590a450cff9 main_color avia-section-small avia-no-border-styling  avia-builder-el-0  el_before_av_section  avia-builder-el-first  avia-bg-style-scroll container_wrap fullsize'  ><div class='container av-section-cont-open' ><main  role=\"main\" itemprop=\"mainContentOfPage\"  class='template-page content  av-content-full alpha units'><div class='post-entry post-entry-type-page post-entry-2435'><div class='entry-content-wrapper clearfix'>\n\n<style type=\"text\/css\" data-created_by=\"avia_inline_auto\" id=\"style-css-av-km6kbsmg-43db14434a5c02fa2ffb09f11c7ef698\">\n#top .av-special-heading.av-km6kbsmg-43db14434a5c02fa2ffb09f11c7ef698{\npadding-bottom:0;\ncolor:#ffffff;\nfont-size:34px;\n}\nbody .av-special-heading.av-km6kbsmg-43db14434a5c02fa2ffb09f11c7ef698 .av-special-heading-tag .heading-char{\nfont-size:25px;\n}\n#top #wrap_all .av-special-heading.av-km6kbsmg-43db14434a5c02fa2ffb09f11c7ef698 .av-special-heading-tag{\nfont-size:34px;\n}\n.av-special-heading.av-km6kbsmg-43db14434a5c02fa2ffb09f11c7ef698 .special-heading-inner-border{\nborder-color:#ffffff;\n}\n.av-special-heading.av-km6kbsmg-43db14434a5c02fa2ffb09f11c7ef698 .av-subheading{\nfont-size:15px;\n}\n\n@media only screen and (min-width: 480px) and (max-width: 767px){ \n#top #wrap_all .av-special-heading.av-km6kbsmg-43db14434a5c02fa2ffb09f11c7ef698 .av-special-heading-tag{\nfont-size:0.8em;\n}\n}\n\n@media only screen and (max-width: 479px){ \n#top #wrap_all .av-special-heading.av-km6kbsmg-43db14434a5c02fa2ffb09f11c7ef698 .av-special-heading-tag{\nfont-size:0.8em;\n}\n}\n<\/style>\n<div  class='av-special-heading av-km6kbsmg-43db14434a5c02fa2ffb09f11c7ef698 av-special-heading-h1 custom-color-heading blockquote modern-quote  avia-builder-el-1  avia-builder-el-no-sibling  av-inherit-size'><h1 class='av-special-heading-tag '  itemprop=\"headline\"  >AGRICULTURAL BY-PRODUCTS<\/h1><div class=\"special-heading-border\"><div class=\"special-heading-inner-border\"><\/div><\/div><\/div>\n<\/div><\/div><\/main><!-- close content main element --><\/div><\/div><div id='av_section_2'  class='avia-section av-3l6hei-8458f4fa6858287dae9c7d48927e19ac main_color avia-section-small avia-no-border-styling  avia-builder-el-2  el_after_av_section  avia-builder-el-last  avia-bg-style-scroll container_wrap fullsize'  ><div class='container av-section-cont-open' ><div class='template-page content  av-content-full alpha units'><div class='post-entry post-entry-type-page post-entry-2435'><div class='entry-content-wrapper clearfix'>\n\n<style type=\"text\/css\" data-created_by=\"avia_inline_auto\" id=\"style-css-av-2rmdu-5307d1a6ebca1a9335aa72d572a5ecd3\">\n.flex_column.av-2rmdu-5307d1a6ebca1a9335aa72d572a5ecd3{\nborder-radius:0px 0px 0px 0px;\npadding:0px 0px 0px 0px;\n}\n<\/style>\n<div  class='flex_column av-2rmdu-5307d1a6ebca1a9335aa72d572a5ecd3 av_one_full  avia-builder-el-3  el_before_av_one_third  avia-builder-el-first  first flex_column_div av-animated-generic bottom-to-top av-zero-column-padding  '     ><p>\n<style type=\"text\/css\" data-created_by=\"avia_inline_auto\" id=\"style-css-av-km6kc1x8-efdfab64724ab72ddd85334a3d7ce3a6\">\n#top .av-special-heading.av-km6kc1x8-efdfab64724ab72ddd85334a3d7ce3a6{\npadding-bottom:20px;\n}\nbody .av-special-heading.av-km6kc1x8-efdfab64724ab72ddd85334a3d7ce3a6 .av-special-heading-tag .heading-char{\nfont-size:25px;\n}\n.av-special-heading.av-km6kc1x8-efdfab64724ab72ddd85334a3d7ce3a6 .av-subheading{\nfont-size:15px;\n}\n<\/style>\n<div  class='av-special-heading av-km6kc1x8-efdfab64724ab72ddd85334a3d7ce3a6 av-special-heading-h2 blockquote modern-quote  avia-builder-el-4  el_before_av_textblock  avia-builder-el-first '><h2 class='av-special-heading-tag '  itemprop=\"headline\"  >QUALITY REQUIREMENTS<\/h2><div class=\"special-heading-border\"><div class=\"special-heading-inner-border\"><\/div><\/div><\/div><br \/>\n<section  class='av_textblock_section av-hrf96-67454c9d259db42a6f57de8389dde0f2 '   itemscope=\"itemscope\" itemtype=\"https:\/\/schema.org\/CreativeWork\" ><div class='avia_textblock'  itemprop=\"text\" ><h3>SUNFLOWER HUSK<\/h3>\n<p>Its size is product-specific, may not contain other materials. It may not contain visible contamination (stone, earth, metal, oil, other foreign matter).<\/p>\n<h3>AGRICULTURAL CLEANING BY-PRODUCT<\/h3>\n<p>Its size is product-specific, may not contain other materials or maize chaff. It may not contain visible contamination (stone, earth, metal, oil, other foreign matter).<\/p>\n<\/div><\/section><\/p><\/div>\n<style type=\"text\/css\" data-created_by=\"avia_inline_auto\" id=\"style-css-av-3oj4i5-5aa93e9caabb117ae3bf8e44c3cd0be9\">\n.flex_column.av-3oj4i5-5aa93e9caabb117ae3bf8e44c3cd0be9{\nborder-radius:0px 0px 0px 0px;\npadding:0px 0px 0px 0px;\n}\n<\/style>\n<div  class='flex_column av-3oj4i5-5aa93e9caabb117ae3bf8e44c3cd0be9 av_one_third  avia-builder-el-6  el_after_av_one_full  el_before_av_one_third  first flex_column_div av-zero-column-padding  column-top-margin'     ><style type=\"text\/css\" data-created_by=\"avia_inline_auto\" id=\"style-css-av-kilu8bts-8fefb2afc0c7fb4fe54db09eb30e6386\">\n.avia-image-container.av-kilu8bts-8fefb2afc0c7fb4fe54db09eb30e6386 img.avia_image{\nbox-shadow:none;\n}\n.avia-image-container.av-kilu8bts-8fefb2afc0c7fb4fe54db09eb30e6386 .av-image-caption-overlay-center{\ncolor:#ffffff;\n}\n<\/style>\n<div  class='avia-image-container av-kilu8bts-8fefb2afc0c7fb4fe54db09eb30e6386 av-styling- av-img-linked avia-align-center  avia-builder-el-7  avia-builder-el-no-sibling '   itemprop=\"image\" itemscope=\"itemscope\" itemtype=\"https:\/\/schema.org\/ImageObject\" ><div class=\"avia-image-container-inner\"><div class=\"avia-image-overlay-wrap\"><a href=\"https:\/\/biomassza.veolia.hu\/wp-content\/uploads\/pecs-maghej-1030x773.jpg\" data-srcset=\"https:\/\/biomassza.veolia.hu\/wp-content\/uploads\/pecs-maghej-1030x773.jpg 1030w, https:\/\/biomassza.veolia.hu\/wp-content\/uploads\/pecs-maghej-300x225.jpg 300w, https:\/\/biomassza.veolia.hu\/wp-content\/uploads\/pecs-maghej-768x576.jpg 768w, https:\/\/biomassza.veolia.hu\/wp-content\/uploads\/pecs-maghej-705x529.jpg 705w, https:\/\/biomassza.veolia.hu\/wp-content\/uploads\/pecs-maghej.jpg 1440w\" data-sizes=\"(max-width: 1030px) 100vw, 1030px\" class='avia_image '  aria-label='Magh\u00e9j'><img decoding=\"async\" fetchpriority=\"high\" class='wp-image-2437 avia-img-lazy-loading-not-2437 avia_image ' src=\"https:\/\/biomassza.veolia.hu\/wp-content\/uploads\/pecs-maghej-495x400.jpg\" alt='' title='Magh\u00e9j'  height=\"400\" width=\"495\"  itemprop=\"thumbnailUrl\" srcset=\"https:\/\/biomassza.veolia.hu\/wp-content\/uploads\/pecs-maghej-495x400.jpg 495w, https:\/\/biomassza.veolia.hu\/wp-content\/uploads\/pecs-maghej-845x684.jpg 845w\" sizes=\"(max-width: 495px) 100vw, 495px\" \/><\/a><\/div><\/div><\/div><\/div>\n<style type=\"text\/css\" data-created_by=\"avia_inline_auto\" id=\"style-css-av-3oj4i5-ec46f594fb182c0af4b09cabe76a4ce0\">\n.flex_column.av-3oj4i5-ec46f594fb182c0af4b09cabe76a4ce0{\nborder-radius:0px 0px 0px 0px;\npadding:0px 0px 0px 0px;\n}\n<\/style>\n<div  class='flex_column av-3oj4i5-ec46f594fb182c0af4b09cabe76a4ce0 av_one_third  avia-builder-el-8  el_after_av_one_third  el_before_av_one_third  flex_column_div av-zero-column-padding  column-top-margin'     ><style type=\"text\/css\" data-created_by=\"avia_inline_auto\" id=\"style-css-av-kilu8bts-abf5134eac0d1f4a24173e62f0107ff9\">\n.avia-image-container.av-kilu8bts-abf5134eac0d1f4a24173e62f0107ff9 img.avia_image{\nbox-shadow:none;\n}\n.avia-image-container.av-kilu8bts-abf5134eac0d1f4a24173e62f0107ff9 .av-image-caption-overlay-center{\ncolor:#ffffff;\n}\n<\/style>\n<div  class='avia-image-container av-kilu8bts-abf5134eac0d1f4a24173e62f0107ff9 av-styling- av-img-linked avia-align-center  avia-builder-el-9  avia-builder-el-no-sibling '   itemprop=\"image\" itemscope=\"itemscope\" itemtype=\"https:\/\/schema.org\/ImageObject\" ><div class=\"avia-image-container-inner\"><div class=\"avia-image-overlay-wrap\"><a href=\"https:\/\/biomassza.veolia.hu\/wp-content\/uploads\/mezogazdasagi-mellektermek-1030x773.jpg\" data-srcset=\"https:\/\/biomassza.veolia.hu\/wp-content\/uploads\/mezogazdasagi-mellektermek-1030x773.jpg 1030w, https:\/\/biomassza.veolia.hu\/wp-content\/uploads\/mezogazdasagi-mellektermek-300x225.jpg 300w, https:\/\/biomassza.veolia.hu\/wp-content\/uploads\/mezogazdasagi-mellektermek-768x576.jpg 768w, https:\/\/biomassza.veolia.hu\/wp-content\/uploads\/mezogazdasagi-mellektermek-705x529.jpg 705w, https:\/\/biomassza.veolia.hu\/wp-content\/uploads\/mezogazdasagi-mellektermek.jpg 1440w\" data-sizes=\"(max-width: 1030px) 100vw, 1030px\" class='avia_image '  aria-label='Mez\u0151gazdas\u00e1gi mell\u00e9kterm\u00e9k'><img decoding=\"async\" fetchpriority=\"high\" class='wp-image-2436 avia-img-lazy-loading-not-2436 avia_image ' src=\"https:\/\/biomassza.veolia.hu\/wp-content\/uploads\/mezogazdasagi-mellektermek-495x400.jpg\" alt='' title='Mez\u0151gazdas\u00e1gi mell\u00e9kterm\u00e9k'  height=\"400\" width=\"495\"  itemprop=\"thumbnailUrl\" srcset=\"https:\/\/biomassza.veolia.hu\/wp-content\/uploads\/mezogazdasagi-mellektermek-495x400.jpg 495w, https:\/\/biomassza.veolia.hu\/wp-content\/uploads\/mezogazdasagi-mellektermek-845x684.jpg 845w\" sizes=\"(max-width: 495px) 100vw, 495px\" \/><\/a><\/div><\/div><\/div><\/div>\n<style type=\"text\/css\" data-created_by=\"avia_inline_auto\" id=\"style-css-av-2485tp-df3ad739cffe58b8a4719c1c1cfb8c9c\">\n.flex_column.av-2485tp-df3ad739cffe58b8a4719c1c1cfb8c9c{\nborder-radius:0px 0px 0px 0px;\npadding:0px 0px 0px 0px;\n}\n<\/style>\n<div  class='flex_column av-2485tp-df3ad739cffe58b8a4719c1c1cfb8c9c av_one_third  avia-builder-el-10  el_after_av_one_third  avia-builder-el-last  flex_column_div av-zero-column-padding  column-top-margin'     ><style type=\"text\/css\" data-created_by=\"avia_inline_auto\" id=\"style-css-av-kilu8wmv-b5f5c9c5cf97277f2215f13c5c5496e7\">\n.avia-image-container.av-kilu8wmv-b5f5c9c5cf97277f2215f13c5c5496e7 img.avia_image{\nbox-shadow:none;\n}\n.avia-image-container.av-kilu8wmv-b5f5c9c5cf97277f2215f13c5c5496e7 .av-image-caption-overlay-center{\ncolor:#ffffff;\n}\n<\/style>\n<div  class='avia-image-container av-kilu8wmv-b5f5c9c5cf97277f2215f13c5c5496e7 av-styling- av-img-linked avia-align-center  avia-builder-el-11  avia-builder-el-no-sibling '   itemprop=\"image\" itemscope=\"itemscope\" itemtype=\"https:\/\/schema.org\/ImageObject\" ><div class=\"avia-image-container-inner\"><div class=\"avia-image-overlay-wrap\"><a href=\"https:\/\/biomassza.veolia.hu\/wp-content\/uploads\/pecs-mezogazdasagi-mellektermek-large-1030x773.jpg\" data-srcset=\"https:\/\/biomassza.veolia.hu\/wp-content\/uploads\/pecs-mezogazdasagi-mellektermek-large-1030x773.jpg 1030w, https:\/\/biomassza.veolia.hu\/wp-content\/uploads\/pecs-mezogazdasagi-mellektermek-large-300x225.jpg 300w, https:\/\/biomassza.veolia.hu\/wp-content\/uploads\/pecs-mezogazdasagi-mellektermek-large-768x576.jpg 768w, https:\/\/biomassza.veolia.hu\/wp-content\/uploads\/pecs-mezogazdasagi-mellektermek-large-705x529.jpg 705w, https:\/\/biomassza.veolia.hu\/wp-content\/uploads\/pecs-mezogazdasagi-mellektermek-large.jpg 1440w\" data-sizes=\"(max-width: 1030px) 100vw, 1030px\" class='avia_image '  aria-label='P\u00e9cs - Mez\u0151gazdas\u00e1gi mell\u00e9kterm\u00e9k (Large)'><img decoding=\"async\" fetchpriority=\"high\" class='wp-image-1193 avia-img-lazy-loading-not-1193 avia_image ' src=\"https:\/\/biomassza.veolia.hu\/wp-content\/uploads\/pecs-mezogazdasagi-mellektermek-large-495x400.jpg\" alt='' title='P\u00e9cs - Mez\u0151gazdas\u00e1gi mell\u00e9kterm\u00e9k (Large)'  height=\"400\" width=\"495\"  itemprop=\"thumbnailUrl\" srcset=\"https:\/\/biomassza.veolia.hu\/wp-content\/uploads\/pecs-mezogazdasagi-mellektermek-large-495x400.jpg 495w, https:\/\/biomassza.veolia.hu\/wp-content\/uploads\/pecs-mezogazdasagi-mellektermek-large-845x684.jpg 845w\" sizes=\"(max-width: 495px) 100vw, 495px\" \/><\/a><\/div><\/div><\/div><\/div><\/p>\n","protected":false},"excerpt":{"rendered":"","protected":false},"author":1,"featured_media":2437,"parent":0,"menu_order":0,"comment_status":"closed","ping_status":"closed","template":"","meta":{"inline_featured_image":false,"footnotes":""},"class_list":["post-2435","page","type-page","status-publish","has-post-thumbnail","hentry"],"_links":{"self":[{"href":"https:\/\/biomassza.veolia.hu\/en\/wp-json\/wp\/v2\/pages\/2435","targetHints":{"allow":["GET"]}}],"collection":[{"href":"https:\/\/biomassza.veolia.hu\/en\/wp-json\/wp\/v2\/pages"}],"about":[{"href":"https:\/\/biomassza.veolia.hu\/en\/wp-json\/wp\/v2\/types\/page"}],"author":[{"embeddable":true,"href":"https:\/\/biomassza.veolia.hu\/en\/wp-json\/wp\/v2\/users\/1"}],"replies":[{"embeddable":true,"href":"https:\/\/biomassza.veolia.hu\/en\/wp-json\/wp\/v2\/comments?post=2435"}],"version-history":[{"count":0,"href":"https:\/\/biomassza.veolia.hu\/en\/wp-json\/wp\/v2\/pages\/2435\/revisions"}],"wp:featuredmedia":[{"embeddable":true,"href":"https:\/\/biomassza.veolia.hu\/en\/wp-json\/wp\/v2\/media\/2437"}],"wp:attachment":[{"href":"https:\/\/biomassza.veolia.hu\/en\/wp-json\/wp\/v2\/media?parent=2435"}],"curies":[{"name":"wp","href":"https:\/\/api.w.org\/{rel}","templated":true}]}}