{"id":2452,"date":"2020-11-19T16:09:03","date_gmt":"2020-11-19T15:09:03","guid":{"rendered":"https:\/\/biomassza.veolia.hu\/beszerzes-folyamata\/"},"modified":"2021-03-12T18:24:09","modified_gmt":"2021-03-12T17:24:09","slug":"procurement-process","status":"publish","type":"page","link":"https:\/\/biomassza.veolia.hu\/en\/procurement-process\/","title":{"rendered":"PROCUREMENT PROCESS"},"content":{"rendered":"\n<style type=\"text\/css\" data-created_by=\"avia_inline_auto\" id=\"style-css-av-kik9c63y-7d969a530d2062f2d9506fddbf867b6c\">\n.avia-section.av-kik9c63y-7d969a530d2062f2d9506fddbf867b6c{\nbackground-color:#e32534;\nbackground-image:unset;\n}\n<\/style>\n<div id='av_section_1'  class='avia-section av-kik9c63y-7d969a530d2062f2d9506fddbf867b6c main_color avia-section-small avia-no-border-styling  avia-builder-el-0  el_before_av_section  avia-builder-el-first  avia-bg-style-scroll container_wrap fullsize'  ><div class='container av-section-cont-open' ><main  role=\"main\" itemprop=\"mainContentOfPage\"  class='template-page content  av-content-full alpha units'><div class='post-entry post-entry-type-page post-entry-2452'><div class='entry-content-wrapper clearfix'>\n\n<style type=\"text\/css\" data-created_by=\"avia_inline_auto\" id=\"style-css-av-km6kir43-c78b359fe44f37c7ef6ebd7ea856342f\">\n#top .av-special-heading.av-km6kir43-c78b359fe44f37c7ef6ebd7ea856342f{\npadding-bottom:0;\ncolor:#ffffff;\nfont-size:34px;\n}\nbody .av-special-heading.av-km6kir43-c78b359fe44f37c7ef6ebd7ea856342f .av-special-heading-tag .heading-char{\nfont-size:25px;\n}\n#top #wrap_all .av-special-heading.av-km6kir43-c78b359fe44f37c7ef6ebd7ea856342f .av-special-heading-tag{\nfont-size:34px;\n}\n.av-special-heading.av-km6kir43-c78b359fe44f37c7ef6ebd7ea856342f .special-heading-inner-border{\nborder-color:#ffffff;\n}\n.av-special-heading.av-km6kir43-c78b359fe44f37c7ef6ebd7ea856342f .av-subheading{\nfont-size:15px;\n}\n\n@media only screen and (min-width: 480px) and (max-width: 767px){ \n#top #wrap_all .av-special-heading.av-km6kir43-c78b359fe44f37c7ef6ebd7ea856342f .av-special-heading-tag{\nfont-size:0.8em;\n}\n}\n\n@media only screen and (max-width: 479px){ \n#top #wrap_all .av-special-heading.av-km6kir43-c78b359fe44f37c7ef6ebd7ea856342f .av-special-heading-tag{\nfont-size:0.8em;\n}\n}\n<\/style>\n<div  class='av-special-heading av-km6kir43-c78b359fe44f37c7ef6ebd7ea856342f av-special-heading-h1 custom-color-heading blockquote modern-quote  avia-builder-el-1  avia-builder-el-no-sibling  av-inherit-size'><h1 class='av-special-heading-tag '  itemprop=\"headline\"  >PROCUREMENT PROCESS<\/h1><div class=\"special-heading-border\"><div class=\"special-heading-inner-border\"><\/div><\/div><\/div>\n\n<\/div><\/div><\/main><!-- close content main element --><\/div><\/div><div id='av_section_2'  class='avia-section av-3rjirq-0837802dd74fb741ae2788b7745d8ee6 main_color avia-section-small avia-no-border-styling  avia-builder-el-2  el_after_av_section  el_before_av_section  avia-bg-style-scroll container_wrap fullsize'  ><div class='container av-section-cont-open' ><div class='template-page content  av-content-full alpha units'><div class='post-entry post-entry-type-page post-entry-2452'><div class='entry-content-wrapper clearfix'>\n\n<style type=\"text\/css\" data-created_by=\"avia_inline_auto\" id=\"style-css-av-3l4xue-c4d9e62ff21eab10314c6f3d98be9cb0\">\n.flex_column.av-3l4xue-c4d9e62ff21eab10314c6f3d98be9cb0{\nborder-radius:0px 0px 0px 0px;\npadding:0px 0px 0px 0px;\n}\n<\/style>\n<div  class='flex_column av-3l4xue-c4d9e62ff21eab10314c6f3d98be9cb0 av_two_third  avia-builder-el-3  el_before_av_one_third  avia-builder-el-first  first flex_column_div av-animated-generic bottom-to-top av-zero-column-padding  '     ><section  class='av_textblock_section av-kik1dq9f-3d9b9af30dccdd278c325a1174ac9bed '   itemscope=\"itemscope\" itemtype=\"https:\/\/schema.org\/CreativeWork\" ><div class='avia_textblock'  itemprop=\"text\" ><p>The continuous and stable fuel supply of power plants and heating plants is a challenging task. The first step in the process is to collect the annual demand of the power plants and heating plants, followed by processing and optimization of this information.<\/p>\n<p>Generally we call for tenders, we ask for offers for the fuel needs and assortments that arise through an open or a limited tendering procedure.<\/p>\n<p>The tender announcement is continuously available on the company&#8217;s website, but it is also published in newspapers and the media. The received tenders are opened in the presence and by the authentication of a notary, after which the evaluation committee evaluates the received tenders in a documented form.<\/p>\n<p>During the evaluation of the tenders, several aspects are considered, which are also included in the tender notice<\/p>\n<p>Following the final approval, we offer a fuel supply contract to the winning bidders.<\/p>\n<\/div><\/section><\/div>\n<style type=\"text\/css\" data-created_by=\"avia_inline_auto\" id=\"style-css-av-24qdbf-04c77b1621ce8987aeb0621828e9f3ab\">\n.flex_column.av-24qdbf-04c77b1621ce8987aeb0621828e9f3ab{\nborder-radius:0px 0px 0px 0px;\npadding:0px 0px 0px 0px;\n}\n<\/style>\n<div  class='flex_column av-24qdbf-04c77b1621ce8987aeb0621828e9f3ab av_one_third  avia-builder-el-5  el_after_av_two_third  avia-builder-el-last  flex_column_div av-zero-column-padding  '     ><div  class='avia-slideshow av-kisvxh5b-5226423a24c2fac596ec77d97005234f avia-slideshow-portfolio av_slideshow avia-slide-slider  avia-builder-el-6  avia-builder-el-no-sibling  av-slideshow-ui av-control-default av-slideshow-autoplay av-loop-endless av-loop-manual-endless av-default-height-applied avia-slideshow-1' data-slideshow-options=\"{&quot;animation&quot;:&quot;slide&quot;,&quot;autoplay&quot;:true,&quot;loop_autoplay&quot;:&quot;endless&quot;,&quot;interval&quot;:5,&quot;loop_manual&quot;:&quot;manual-endless&quot;,&quot;autoplay_stopper&quot;:false,&quot;noNavigation&quot;:false,&quot;bg_slider&quot;:false,&quot;keep_padding&quot;:false,&quot;hoverpause&quot;:false,&quot;show_slide_delay&quot;:0}\"  itemprop=\"image\" itemscope=\"itemscope\" itemtype=\"https:\/\/schema.org\/ImageObject\" ><ul class='avia-slideshow-inner ' style='padding-bottom: 80.808080808081%;'><li  class='avia-slideshow-slide av-kisvxh5b-5226423a24c2fac596ec77d97005234f__0  slide-1 slide-odd'><div data-rel='slideshow-1' class='avia-slide-wrap '   ><img decoding=\"async\" fetchpriority=\"high\" class=\"wp-image-2458 avia-img-lazy-loading-not-2458\"  src=\"https:\/\/biomassza.veolia.hu\/wp-content\/uploads\/szalma-1-1-495x400.jpg\" width=\"495\" height=\"400\" title='szalma 1' alt=''  itemprop=\"thumbnailUrl\" srcset=\"https:\/\/biomassza.veolia.hu\/wp-content\/uploads\/szalma-1-1-495x400.jpg 495w, https:\/\/biomassza.veolia.hu\/wp-content\/uploads\/szalma-1-1-845x684.jpg 845w\" sizes=\"(max-width: 495px) 100vw, 495px\" \/><\/div><\/li><li  class='avia-slideshow-slide av-kisvxh5b-5226423a24c2fac596ec77d97005234f__1  slide-2 slide-even'><div data-rel='slideshow-1' class='avia-slide-wrap '   ><img decoding=\"async\" fetchpriority=\"high\" class=\"wp-image-2459 avia-img-lazy-loading-not-2459\"  src=\"https:\/\/biomassza.veolia.hu\/wp-content\/uploads\/szalma-6-495x400.jpg\" width=\"495\" height=\"400\" title='szalma 6' alt=''  itemprop=\"thumbnailUrl\" srcset=\"https:\/\/biomassza.veolia.hu\/wp-content\/uploads\/szalma-6-495x400.jpg 495w, https:\/\/biomassza.veolia.hu\/wp-content\/uploads\/szalma-6-845x684.jpg 845w\" sizes=\"(max-width: 495px) 100vw, 495px\" \/><\/div><\/li><li  class='avia-slideshow-slide av-kisvxh5b-5226423a24c2fac596ec77d97005234f__2  slide-3 slide-odd'><div data-rel='slideshow-1' class='avia-slide-wrap '   ><img decoding=\"async\" fetchpriority=\"high\" class=\"wp-image-2460 avia-img-lazy-loading-not-2460\"  src=\"https:\/\/biomassza.veolia.hu\/wp-content\/uploads\/szalma-5-495x400.jpg\" width=\"495\" height=\"400\" title='szalma 5' alt=''  itemprop=\"thumbnailUrl\" srcset=\"https:\/\/biomassza.veolia.hu\/wp-content\/uploads\/szalma-5-495x400.jpg 495w, https:\/\/biomassza.veolia.hu\/wp-content\/uploads\/szalma-5-845x684.jpg 845w\" sizes=\"(max-width: 495px) 100vw, 495px\" \/><\/div><\/li><li  class='avia-slideshow-slide av-kisvxh5b-5226423a24c2fac596ec77d97005234f__3  slide-4 slide-even'><div data-rel='slideshow-1' class='avia-slide-wrap '   ><img decoding=\"async\" fetchpriority=\"high\" class=\"wp-image-2461 avia-img-lazy-loading-not-2461\"  src=\"https:\/\/biomassza.veolia.hu\/wp-content\/uploads\/szalma-4-495x400.jpg\" width=\"495\" height=\"400\" title='szalma 4' alt=''  itemprop=\"thumbnailUrl\" srcset=\"https:\/\/biomassza.veolia.hu\/wp-content\/uploads\/szalma-4-495x400.jpg 495w, https:\/\/biomassza.veolia.hu\/wp-content\/uploads\/szalma-4-845x684.jpg 845w\" sizes=\"(max-width: 495px) 100vw, 495px\" \/><\/div><\/li><li  class='avia-slideshow-slide av-kisvxh5b-5226423a24c2fac596ec77d97005234f__4  slide-5 slide-odd'><div data-rel='slideshow-1' class='avia-slide-wrap '   ><img decoding=\"async\" fetchpriority=\"high\" class=\"wp-image-2454 avia-img-lazy-loading-not-2454\"  src=\"https:\/\/biomassza.veolia.hu\/wp-content\/uploads\/szalma-3-495x400.jpg\" width=\"495\" height=\"400\" title='szalma 3' alt=''  itemprop=\"thumbnailUrl\" srcset=\"https:\/\/biomassza.veolia.hu\/wp-content\/uploads\/szalma-3-495x400.jpg 495w, https:\/\/biomassza.veolia.hu\/wp-content\/uploads\/szalma-3-845x684.jpg 845w\" sizes=\"(max-width: 495px) 100vw, 495px\" \/><\/div><\/li><li  class='avia-slideshow-slide av-kisvxh5b-5226423a24c2fac596ec77d97005234f__5  slide-6 slide-even'><div data-rel='slideshow-1' class='avia-slide-wrap '   ><img decoding=\"async\" fetchpriority=\"high\" class=\"wp-image-2462 avia-img-lazy-loading-not-2462\"  src=\"https:\/\/biomassza.veolia.hu\/wp-content\/uploads\/szalma-2-495x400.jpg\" width=\"495\" height=\"400\" title='szalma 2' alt=''  itemprop=\"thumbnailUrl\" srcset=\"https:\/\/biomassza.veolia.hu\/wp-content\/uploads\/szalma-2-495x400.jpg 495w, https:\/\/biomassza.veolia.hu\/wp-content\/uploads\/szalma-2-845x684.jpg 845w\" sizes=\"(max-width: 495px) 100vw, 495px\" \/><\/div><\/li><li  class='avia-slideshow-slide av-kisvxh5b-5226423a24c2fac596ec77d97005234f__6  slide-7 slide-odd'><div data-rel='slideshow-1' class='avia-slide-wrap '   ><img decoding=\"async\" fetchpriority=\"high\" class=\"wp-image-2463 avia-img-lazy-loading-not-2463\"  src=\"https:\/\/biomassza.veolia.hu\/wp-content\/uploads\/szalma-9-495x400.jpg\" width=\"495\" height=\"400\" title='szalma 9' alt=''  itemprop=\"thumbnailUrl\" srcset=\"https:\/\/biomassza.veolia.hu\/wp-content\/uploads\/szalma-9-495x400.jpg 495w, https:\/\/biomassza.veolia.hu\/wp-content\/uploads\/szalma-9-845x684.jpg 845w\" sizes=\"(max-width: 495px) 100vw, 495px\" \/><\/div><\/li><li  class='avia-slideshow-slide av-kisvxh5b-5226423a24c2fac596ec77d97005234f__7  slide-8 slide-even'><div data-rel='slideshow-1' class='avia-slide-wrap '   ><img decoding=\"async\" fetchpriority=\"high\" class=\"wp-image-2464 avia-img-lazy-loading-not-2464\"  src=\"https:\/\/biomassza.veolia.hu\/wp-content\/uploads\/szalma-8-495x400.jpg\" width=\"495\" height=\"400\" title='szalma 8' alt=''  itemprop=\"thumbnailUrl\" srcset=\"https:\/\/biomassza.veolia.hu\/wp-content\/uploads\/szalma-8-495x400.jpg 495w, https:\/\/biomassza.veolia.hu\/wp-content\/uploads\/szalma-8-845x684.jpg 845w\" sizes=\"(max-width: 495px) 100vw, 495px\" \/><\/div><\/li><li  class='avia-slideshow-slide av-kisvxh5b-5226423a24c2fac596ec77d97005234f__8  slide-9 slide-odd'><div data-rel='slideshow-1' class='avia-slide-wrap '   ><img decoding=\"async\" fetchpriority=\"high\" class=\"wp-image-2465 avia-img-lazy-loading-not-2465\"  src=\"https:\/\/biomassza.veolia.hu\/wp-content\/uploads\/szalma-7-495x400.jpg\" width=\"495\" height=\"400\" title='szalma 7' alt=''  itemprop=\"thumbnailUrl\" srcset=\"https:\/\/biomassza.veolia.hu\/wp-content\/uploads\/szalma-7-495x400.jpg 495w, https:\/\/biomassza.veolia.hu\/wp-content\/uploads\/szalma-7-845x684.jpg 845w\" sizes=\"(max-width: 495px) 100vw, 495px\" \/><\/div><\/li><\/ul><div class='avia-slideshow-arrows avia-slideshow-controls' ><a href='#prev' class='prev-slide  avia-svg-icon avia-font-svg_entypo-fontello' data-av_svg_icon='left-open-big' data-av_iconset='svg_entypo-fontello' tabindex='-1' title=\"Previous\"><svg version=\"1.1\" xmlns=\"http:\/\/www.w3.org\/2000\/svg\" width=\"15\" height=\"32\" viewBox=\"0 0 15 32\" preserveAspectRatio=\"xMidYMid meet\" aria-labelledby='av-svg-title-1' aria-describedby='av-svg-desc-1' role=\"graphics-symbol\" aria-hidden=\"true\">\n<title id='av-svg-title-1'>Previous<\/title>\n<desc id='av-svg-desc-1'>Previous<\/desc>\n<path d=\"M14.464 27.84q0.832 0.832 0 1.536-0.832 0.832-1.536 0l-12.544-12.608q-0.768-0.768 0-1.6l12.544-12.608q0.704-0.832 1.536 0 0.832 0.704 0 1.536l-11.456 11.904z\"><\/path>\n<\/svg><span class='avia_hidden_link_text'>Previous<\/span><\/a><a href='#next' class='next-slide  avia-svg-icon avia-font-svg_entypo-fontello' data-av_svg_icon='right-open-big' data-av_iconset='svg_entypo-fontello' tabindex='-1' title=\"Next\"><svg version=\"1.1\" xmlns=\"http:\/\/www.w3.org\/2000\/svg\" width=\"15\" height=\"32\" viewBox=\"0 0 15 32\" preserveAspectRatio=\"xMidYMid meet\" aria-labelledby='av-svg-title-2' aria-describedby='av-svg-desc-2' role=\"graphics-symbol\" aria-hidden=\"true\">\n<title id='av-svg-title-2'>Next<\/title>\n<desc id='av-svg-desc-2'>Next<\/desc>\n<path d=\"M0.416 27.84l11.456-11.84-11.456-11.904q-0.832-0.832 0-1.536 0.832-0.832 1.536 0l12.544 12.608q0.768 0.832 0 1.6l-12.544 12.608q-0.704 0.832-1.536 0-0.832-0.704 0-1.536z\"><\/path>\n<\/svg><span class='avia_hidden_link_text'>Next<\/span><\/a><\/div><div class='avia-slideshow-dots avia-slideshow-controls'><a href='#1' class='goto-slide active' >1<\/a><a href='#2' class='goto-slide ' >2<\/a><a href='#3' class='goto-slide ' >3<\/a><a href='#4' class='goto-slide ' >4<\/a><a href='#5' class='goto-slide ' >5<\/a><a href='#6' class='goto-slide ' >6<\/a><a href='#7' class='goto-slide ' >7<\/a><a href='#8' class='goto-slide ' >8<\/a><a href='#9' class='goto-slide ' >9<\/a><\/div><\/div><\/div>\n\n<\/div><\/div><\/div><!-- close content main div --><\/div><\/div><div id='av_section_3'  class='avia-section av-41rd6z-04cb23ff41fff0bbf1774681ba2a7287 main_color avia-section-default avia-no-border-styling  avia-builder-el-7  el_after_av_section  el_before_av_section  avia-bg-style-scroll container_wrap fullsize'  ><div class='container av-section-cont-open' ><div class='template-page content  av-content-full alpha units'><div class='post-entry post-entry-type-page post-entry-2452'><div class='entry-content-wrapper clearfix'>\n\n<style type=\"text\/css\" data-created_by=\"avia_inline_auto\" id=\"style-css-av-2y01ez-c537343890428930a9db2f0db91dbbd4\">\n.flex_column.av-2y01ez-c537343890428930a9db2f0db91dbbd4{\nborder-radius:0px 0px 0px 0px;\npadding:0px 0px 0px 0px;\nbackground-color:#1d1284;\n}\n<\/style>\n<div  class='flex_column av-2y01ez-c537343890428930a9db2f0db91dbbd4 av_one_fifth  avia-builder-el-8  el_before_av_three_fifth  avia-builder-el-first  first flex_column_div av-zero-column-padding  '     ><style type=\"text\/css\" data-created_by=\"avia_inline_auto\" id=\"style-css-av-kirda59u-d92dbf02090394d89cf27350344e95a5\">\n#top .hr.hr-invisible.av-kirda59u-d92dbf02090394d89cf27350344e95a5{\nheight:30px;\n}\n<\/style>\n<div  class='hr av-kirda59u-d92dbf02090394d89cf27350344e95a5 hr-invisible  avia-builder-el-9  avia-builder-el-no-sibling '><span class='hr-inner '><span class=\"hr-inner-style\"><\/span><\/span><\/div><\/div>\n<style type=\"text\/css\" data-created_by=\"avia_inline_auto\" id=\"style-css-av-2y01ez-58321341927d1a99bbde14788dbd6780\">\n.flex_column.av-2y01ez-58321341927d1a99bbde14788dbd6780{\nborder-radius:0px 0px 0px 0px;\npadding:0px 0px 0px 0px;\n}\n<\/style>\n<div  class='flex_column av-2y01ez-58321341927d1a99bbde14788dbd6780 av_three_fifth  avia-builder-el-10  el_after_av_one_fifth  el_before_av_one_fifth  flex_column_div av-zero-column-padding  '     ><style type=\"text\/css\" data-created_by=\"avia_inline_auto\" id=\"style-css-av-km6kkmnx-981e3729cf778d7843cdb5ab2848cce7\">\n#top .av-special-heading.av-km6kkmnx-981e3729cf778d7843cdb5ab2848cce7{\npadding-bottom:0;\ncolor:#564aad;\nfont-size:34px;\n}\nbody .av-special-heading.av-km6kkmnx-981e3729cf778d7843cdb5ab2848cce7 .av-special-heading-tag .heading-char{\nfont-size:25px;\n}\n#top #wrap_all .av-special-heading.av-km6kkmnx-981e3729cf778d7843cdb5ab2848cce7 .av-special-heading-tag{\nfont-size:34px;\n}\n.av-special-heading.av-km6kkmnx-981e3729cf778d7843cdb5ab2848cce7 .special-heading-inner-border{\nborder-color:#564aad;\n}\n.av-special-heading.av-km6kkmnx-981e3729cf778d7843cdb5ab2848cce7 .av-subheading{\nfont-size:15px;\n}\n\n@media only screen and (min-width: 480px) and (max-width: 767px){ \n#top #wrap_all .av-special-heading.av-km6kkmnx-981e3729cf778d7843cdb5ab2848cce7 .av-special-heading-tag{\nfont-size:0.8em;\n}\n}\n\n@media only screen and (max-width: 479px){ \n#top #wrap_all .av-special-heading.av-km6kkmnx-981e3729cf778d7843cdb5ab2848cce7 .av-special-heading-tag{\nfont-size:0.8em;\n}\n}\n<\/style>\n<div  class='av-special-heading av-km6kkmnx-981e3729cf778d7843cdb5ab2848cce7 av-special-heading-h1 custom-color-heading blockquote modern-quote modern-centered  avia-builder-el-11  avia-builder-el-no-sibling  av-inherit-size'><h1 class='av-special-heading-tag '  itemprop=\"headline\"  >THE DEADLINE FOR SUBMISSION OF THE MOST RECENT PROCUREMENT TENDERS: 30 NOVEMBER 2020<\/h1><div class=\"special-heading-border\"><div class=\"special-heading-inner-border\"><\/div><\/div><\/div><\/div>\n<style type=\"text\/css\" data-created_by=\"avia_inline_auto\" id=\"style-css-av-2y01ez-e56406ffb3b714ca711a0448f91d479b\">\n.flex_column.av-2y01ez-e56406ffb3b714ca711a0448f91d479b{\nborder-radius:0px 0px 0px 0px;\npadding:0px 0px 0px 0px;\nbackground-color:#1d1284;\n}\n<\/style>\n<div  class='flex_column av-2y01ez-e56406ffb3b714ca711a0448f91d479b av_one_fifth  avia-builder-el-12  el_after_av_three_fifth  avia-builder-el-last  flex_column_div av-zero-column-padding  '     ><style type=\"text\/css\" data-created_by=\"avia_inline_auto\" id=\"style-css-av-kirda59u-d92dbf02090394d89cf27350344e95a5\">\n#top .hr.hr-invisible.av-kirda59u-d92dbf02090394d89cf27350344e95a5{\nheight:30px;\n}\n<\/style>\n<div  class='hr av-kirda59u-d92dbf02090394d89cf27350344e95a5 hr-invisible  avia-builder-el-13  avia-builder-el-no-sibling '><span class='hr-inner '><span class=\"hr-inner-style\"><\/span><\/span><\/div><\/div><\/div><\/div><\/div><!-- close content main div --><\/div><\/div><div id='av_section_4'  class='avia-section av-41rd6z-a7c65e7409bb68aa267c834c50600718 main_color avia-section-default avia-no-border-styling  avia-builder-el-14  el_after_av_section  avia-builder-el-last  av-desktop-hide av-medium-hide av-small-hide av-mini-hide avia-bg-style-scroll container_wrap fullsize'  ><div class='container av-section-cont-open' ><div class='template-page content  av-content-full alpha units'><div class='post-entry post-entry-type-page post-entry-2452'><div class='entry-content-wrapper clearfix'>\n\n<style type=\"text\/css\" data-created_by=\"avia_inline_auto\" id=\"style-css-av-2y01ez-c537343890428930a9db2f0db91dbbd4\">\n.flex_column.av-2y01ez-c537343890428930a9db2f0db91dbbd4{\nborder-radius:0px 0px 0px 0px;\npadding:0px 0px 0px 0px;\nbackground-color:#1d1284;\n}\n<\/style>\n<div  class='flex_column av-2y01ez-c537343890428930a9db2f0db91dbbd4 av_one_fifth  avia-builder-el-15  el_before_av_three_fifth  avia-builder-el-first  first flex_column_div av-zero-column-padding  '     ><style type=\"text\/css\" data-created_by=\"avia_inline_auto\" id=\"style-css-av-kirda59u-d92dbf02090394d89cf27350344e95a5\">\n#top .hr.hr-invisible.av-kirda59u-d92dbf02090394d89cf27350344e95a5{\nheight:30px;\n}\n<\/style>\n<div  class='hr av-kirda59u-d92dbf02090394d89cf27350344e95a5 hr-invisible  avia-builder-el-16  avia-builder-el-no-sibling '><span class='hr-inner '><span class=\"hr-inner-style\"><\/span><\/span><\/div><\/div>\n<style type=\"text\/css\" data-created_by=\"avia_inline_auto\" id=\"style-css-av-2y01ez-58321341927d1a99bbde14788dbd6780\">\n.flex_column.av-2y01ez-58321341927d1a99bbde14788dbd6780{\nborder-radius:0px 0px 0px 0px;\npadding:0px 0px 0px 0px;\n}\n<\/style>\n<div  class='flex_column av-2y01ez-58321341927d1a99bbde14788dbd6780 av_three_fifth  avia-builder-el-17  el_after_av_one_fifth  el_before_av_one_fifth  flex_column_div av-zero-column-padding  '     ><p>\n<style type=\"text\/css\" data-created_by=\"avia_inline_auto\" id=\"style-css-av-kk41fst0-7832601586457f0b10acfaac9bdcd691\">\n#top .av-special-heading.av-kk41fst0-7832601586457f0b10acfaac9bdcd691{\npadding-bottom:0;\ncolor:#564aad;\nfont-size:34px;\n}\nbody .av-special-heading.av-kk41fst0-7832601586457f0b10acfaac9bdcd691 .av-special-heading-tag .heading-char{\nfont-size:25px;\n}\n#top #wrap_all .av-special-heading.av-kk41fst0-7832601586457f0b10acfaac9bdcd691 .av-special-heading-tag{\nfont-size:34px;\n}\n.av-special-heading.av-kk41fst0-7832601586457f0b10acfaac9bdcd691 .special-heading-inner-border{\nborder-color:#564aad;\n}\n.av-special-heading.av-kk41fst0-7832601586457f0b10acfaac9bdcd691 .av-subheading{\nfont-size:15px;\n}\n\n@media only screen and (min-width: 480px) and (max-width: 767px){ \n#top #wrap_all .av-special-heading.av-kk41fst0-7832601586457f0b10acfaac9bdcd691 .av-special-heading-tag{\nfont-size:0.8em;\n}\n}\n\n@media only screen and (max-width: 479px){ \n#top #wrap_all .av-special-heading.av-kk41fst0-7832601586457f0b10acfaac9bdcd691 .av-special-heading-tag{\nfont-size:0.8em;\n}\n}\n<\/style>\n<div  class='av-special-heading av-kk41fst0-7832601586457f0b10acfaac9bdcd691 av-special-heading-h1 custom-color-heading blockquote modern-quote modern-centered  avia-builder-el-18  el_before_av_iconlist  avia-builder-el-first  av-inherit-size'><div class='av_custom_color av-subheading av-subheading_above'><p>A p\u00e1ly\u00e1zathoz sz\u00fcks\u00e9ges<\/p>\n<\/div><h1 class='av-special-heading-tag '  itemprop=\"headline\"  > dokumentumok, lead\u00e1si hat\u00e1rideje: 2021. \u00e1prilis 1.<\/h1><div class=\"special-heading-border\"><div class=\"special-heading-inner-border\"><\/div><\/div><\/div><br \/>\n<div  class='avia-icon-list-container av-kk3wc015-2ea8241ad381c99f78cb01c5e60ee33c  avia-builder-el-19  el_after_av_heading  avia-builder-el-last '><ul class='avia-icon-list avia_animate_when_almost_visible avia-icon-list-left av-iconlist-big av-kk3wc015-2ea8241ad381c99f78cb01c5e60ee33c avia-iconlist-animate'>\n<li><div class='iconlist_icon av-5cw2cg-aabf9e96d47f14612f387d9d0c14aa98 avia-font-entypo-fontello avia-iconfont avia-font-entypo-fontello'><span class='av-icon-char' data-av_icon='\ue84b' data-av_iconfont='entypo-fontello' aria-hidden=\"true\"><\/span><\/div><article class=\"article-icon-entry av-iconlist-empty\"  itemscope=\"itemscope\" itemtype=\"https:\/\/schema.org\/CreativeWork\" ><div class=\"iconlist_content_wrap\"><header class=\"entry-content-header\" aria-label=\"Icon: &lt;a href=&#039;#&#039; title=&#039;Dokumentum #1&#039;&gt;Dokumentum #1&lt;\/a&gt;\"><h4 class='av_iconlist_title iconlist_title  '  itemprop=\"headline\" ><a href='#' title='Dokumentum #1'>Dokumentum #1<\/a><\/h4><\/header><div class='iconlist_content '  itemprop=\"text\" ><\/div><\/div><footer class=\"entry-footer\"><\/footer><\/article><div class=\"iconlist-timeline\"><\/div><\/li>\n<li><div class='iconlist_icon av-4b0gu8-6235800b5336b9784455ad9a7f2f25f8 avia-font-entypo-fontello avia-iconfont avia-font-entypo-fontello'><span class='av-icon-char' data-av_icon='\ue84b' data-av_iconfont='entypo-fontello' aria-hidden=\"true\"><\/span><\/div><article class=\"article-icon-entry av-iconlist-empty\"  itemscope=\"itemscope\" itemtype=\"https:\/\/schema.org\/CreativeWork\" ><div class=\"iconlist_content_wrap\"><header class=\"entry-content-header\" aria-label=\"Icon: &lt;a href=&#039;#&#039; title=&#039;Dokumentum #2&#039;&gt;Dokumentum #2&lt;\/a&gt;\"><h4 class='av_iconlist_title iconlist_title  '  itemprop=\"headline\" ><a href='#' title='Dokumentum #2'>Dokumentum #2<\/a><\/h4><\/header><div class='iconlist_content '  itemprop=\"text\" ><\/div><\/div><footer class=\"entry-footer\"><\/footer><\/article><div class=\"iconlist-timeline\"><\/div><\/li>\n<li><div class='iconlist_icon av-2sonw0-a527c163f5dba1f66be774b0418eff61 avia-font-entypo-fontello avia-iconfont avia-font-entypo-fontello'><span class='av-icon-char' data-av_icon='\ue84b' data-av_iconfont='entypo-fontello' aria-hidden=\"true\"><\/span><\/div><article class=\"article-icon-entry av-iconlist-empty\"  itemscope=\"itemscope\" itemtype=\"https:\/\/schema.org\/CreativeWork\" ><div class=\"iconlist_content_wrap\"><header class=\"entry-content-header\" aria-label=\"Icon: &lt;a href=&#039;#&#039; title=&#039;Dokumentum #3&#039;&gt;Dokumentum #3&lt;\/a&gt;\"><h4 class='av_iconlist_title iconlist_title  '  itemprop=\"headline\" ><a href='#' title='Dokumentum #3'>Dokumentum #3<\/a><\/h4><\/header><div class='iconlist_content '  itemprop=\"text\" ><\/div><\/div><footer class=\"entry-footer\"><\/footer><\/article><div class=\"iconlist-timeline\"><\/div><\/li>\n<\/ul><\/div><\/p><\/div>\n<style type=\"text\/css\" data-created_by=\"avia_inline_auto\" id=\"style-css-av-2y01ez-e56406ffb3b714ca711a0448f91d479b\">\n.flex_column.av-2y01ez-e56406ffb3b714ca711a0448f91d479b{\nborder-radius:0px 0px 0px 0px;\npadding:0px 0px 0px 0px;\nbackground-color:#1d1284;\n}\n<\/style>\n<div  class='flex_column av-2y01ez-e56406ffb3b714ca711a0448f91d479b av_one_fifth  avia-builder-el-20  el_after_av_three_fifth  avia-builder-el-last  flex_column_div av-zero-column-padding  '     ><style type=\"text\/css\" data-created_by=\"avia_inline_auto\" id=\"style-css-av-kirda59u-d92dbf02090394d89cf27350344e95a5\">\n#top .hr.hr-invisible.av-kirda59u-d92dbf02090394d89cf27350344e95a5{\nheight:30px;\n}\n<\/style>\n<div  class='hr av-kirda59u-d92dbf02090394d89cf27350344e95a5 hr-invisible  avia-builder-el-21  avia-builder-el-no-sibling '><span class='hr-inner '><span class=\"hr-inner-style\"><\/span><\/span><\/div><\/div>\n<\/p>\n","protected":false},"excerpt":{"rendered":"","protected":false},"author":1,"featured_media":2454,"parent":0,"menu_order":0,"comment_status":"closed","ping_status":"closed","template":"","meta":{"inline_featured_image":false,"footnotes":""},"class_list":["post-2452","page","type-page","status-publish","has-post-thumbnail","hentry"],"_links":{"self":[{"href":"https:\/\/biomassza.veolia.hu\/en\/wp-json\/wp\/v2\/pages\/2452","targetHints":{"allow":["GET"]}}],"collection":[{"href":"https:\/\/biomassza.veolia.hu\/en\/wp-json\/wp\/v2\/pages"}],"about":[{"href":"https:\/\/biomassza.veolia.hu\/en\/wp-json\/wp\/v2\/types\/page"}],"author":[{"embeddable":true,"href":"https:\/\/biomassza.veolia.hu\/en\/wp-json\/wp\/v2\/users\/1"}],"replies":[{"embeddable":true,"href":"https:\/\/biomassza.veolia.hu\/en\/wp-json\/wp\/v2\/comments?post=2452"}],"version-history":[{"count":0,"href":"https:\/\/biomassza.veolia.hu\/en\/wp-json\/wp\/v2\/pages\/2452\/revisions"}],"wp:featuredmedia":[{"embeddable":true,"href":"https:\/\/biomassza.veolia.hu\/en\/wp-json\/wp\/v2\/media\/2454"}],"wp:attachment":[{"href":"https:\/\/biomassza.veolia.hu\/en\/wp-json\/wp\/v2\/media?parent=2452"}],"curies":[{"name":"wp","href":"https:\/\/api.w.org\/{rel}","templated":true}]}}