{"id":2484,"date":"2021-03-12T16:09:52","date_gmt":"2021-03-12T15:09:52","guid":{"rendered":"https:\/\/biomassza.veolia.hu\/minosegi-hibak\/"},"modified":"2021-03-12T18:39:26","modified_gmt":"2021-03-12T17:39:26","slug":"quality-defects","status":"publish","type":"page","link":"https:\/\/biomassza.veolia.hu\/en\/quality-defects\/","title":{"rendered":"QUALITY DEFECTS"},"content":{"rendered":"\n<style type=\"text\/css\" data-created_by=\"avia_inline_auto\" id=\"style-css-av-kik8vfak-910181c89065d1f28a020fab6188c93a\">\n.avia-section.av-kik8vfak-910181c89065d1f28a020fab6188c93a{\nbackground-color:#e32535;\nbackground-image:unset;\n}\n<\/style>\n<div id='av_section_1'  class='avia-section av-kik8vfak-910181c89065d1f28a020fab6188c93a main_color avia-section-small avia-no-border-styling  avia-builder-el-0  el_before_av_section  avia-builder-el-first  avia-bg-style-scroll container_wrap fullsize'  ><div class='container av-section-cont-open' ><main  role=\"main\" itemprop=\"mainContentOfPage\"  class='template-page content  av-content-full alpha units'><div class='post-entry post-entry-type-page post-entry-2484'><div class='entry-content-wrapper clearfix'>\n\n<style type=\"text\/css\" data-created_by=\"avia_inline_auto\" id=\"style-css-av-km6l28pd-e4815069bc7eedf26bddb394009489cd\">\n#top .av-special-heading.av-km6l28pd-e4815069bc7eedf26bddb394009489cd{\npadding-bottom:0;\ncolor:#ffffff;\nfont-size:34px;\n}\nbody .av-special-heading.av-km6l28pd-e4815069bc7eedf26bddb394009489cd .av-special-heading-tag .heading-char{\nfont-size:25px;\n}\n#top #wrap_all .av-special-heading.av-km6l28pd-e4815069bc7eedf26bddb394009489cd .av-special-heading-tag{\nfont-size:34px;\n}\n.av-special-heading.av-km6l28pd-e4815069bc7eedf26bddb394009489cd .special-heading-inner-border{\nborder-color:#ffffff;\n}\n.av-special-heading.av-km6l28pd-e4815069bc7eedf26bddb394009489cd .av-subheading{\nfont-size:15px;\n}\n\n@media only screen and (min-width: 480px) and (max-width: 767px){ \n#top #wrap_all .av-special-heading.av-km6l28pd-e4815069bc7eedf26bddb394009489cd .av-special-heading-tag{\nfont-size:0.8em;\n}\n}\n\n@media only screen and (max-width: 479px){ \n#top #wrap_all .av-special-heading.av-km6l28pd-e4815069bc7eedf26bddb394009489cd .av-special-heading-tag{\nfont-size:0.8em;\n}\n}\n<\/style>\n<div  class='av-special-heading av-km6l28pd-e4815069bc7eedf26bddb394009489cd av-special-heading-h1 custom-color-heading blockquote modern-quote  avia-builder-el-1  avia-builder-el-no-sibling  av-inherit-size'><h1 class='av-special-heading-tag '  itemprop=\"headline\"  >QUALITY DEFECTS<\/h1><div class='av_custom_color av-subheading av-subheading_below'><p>Impurities<\/p>\n<\/div><div class=\"special-heading-border\"><div class=\"special-heading-inner-border\"><\/div><\/div><\/div>\n\n<\/div><\/div><\/main><!-- close content main element --><\/div><\/div><div id='av_section_2'  class='avia-section av-3rjirq-0837802dd74fb741ae2788b7745d8ee6 main_color avia-section-small avia-no-border-styling  avia-builder-el-2  el_after_av_section  avia-builder-el-last  avia-bg-style-scroll container_wrap fullsize'  ><div class='container av-section-cont-open' ><div class='template-page content  av-content-full alpha units'><div class='post-entry post-entry-type-page post-entry-2484'><div class='entry-content-wrapper clearfix'>\n\n<style type=\"text\/css\" data-created_by=\"avia_inline_auto\" id=\"style-css-av-3l4xue-c4d9e62ff21eab10314c6f3d98be9cb0\">\n.flex_column.av-3l4xue-c4d9e62ff21eab10314c6f3d98be9cb0{\nborder-radius:0px 0px 0px 0px;\npadding:0px 0px 0px 0px;\n}\n<\/style>\n<div  class='flex_column av-3l4xue-c4d9e62ff21eab10314c6f3d98be9cb0 av_one_third  avia-builder-el-3  el_before_av_one_third  avia-builder-el-first  first flex_column_div av-animated-generic bottom-to-top av-zero-column-padding  '     ><p>\n<style type=\"text\/css\" data-created_by=\"avia_inline_auto\" id=\"style-css-av-av_heading-84f0afd70af9ec95ba1f14c087dcb739\">\n#top .av-special-heading.av-av_heading-84f0afd70af9ec95ba1f14c087dcb739{\npadding-bottom:0;\nfont-size:20px;\n}\nbody .av-special-heading.av-av_heading-84f0afd70af9ec95ba1f14c087dcb739 .av-special-heading-tag .heading-char{\nfont-size:25px;\n}\n#top #wrap_all .av-special-heading.av-av_heading-84f0afd70af9ec95ba1f14c087dcb739 .av-special-heading-tag{\nfont-size:20px;\n}\n.av-special-heading.av-av_heading-84f0afd70af9ec95ba1f14c087dcb739 .av-subheading{\nfont-size:15px;\n}\n\n@media only screen and (min-width: 480px) and (max-width: 767px){ \n#top #wrap_all .av-special-heading.av-av_heading-84f0afd70af9ec95ba1f14c087dcb739 .av-special-heading-tag{\nfont-size:0.8em;\n}\n}\n\n@media only screen and (max-width: 479px){ \n#top #wrap_all .av-special-heading.av-av_heading-84f0afd70af9ec95ba1f14c087dcb739 .av-special-heading-tag{\nfont-size:0.8em;\n}\n}\n<\/style>\n<div  class='av-special-heading av-av_heading-84f0afd70af9ec95ba1f14c087dcb739 av-special-heading-h2 blockquote modern-quote  avia-builder-el-4  el_before_av_slideshow  avia-builder-el-first  av-inherit-size'><h2 class='av-special-heading-tag '  itemprop=\"headline\"  >CONIFER NEEDLES<\/h2><div class=\"special-heading-border\"><div class=\"special-heading-inner-border\"><\/div><\/div><\/div><br \/>\n<div  class='avia-slideshow av-kiogtnex-282bb0d969236fa3da4d091b245560af avia-slideshow-portfolio av_slideshow avia-slide-slider  avia-builder-el-5  el_after_av_heading  el_before_av_textblock  av-slideshow-ui av-control-default av-slideshow-autoplay av-loop-endless av-loop-manual-endless av-default-height-applied avia-slideshow-1' data-slideshow-options=\"{&quot;animation&quot;:&quot;slide&quot;,&quot;autoplay&quot;:true,&quot;loop_autoplay&quot;:&quot;endless&quot;,&quot;interval&quot;:5,&quot;loop_manual&quot;:&quot;manual-endless&quot;,&quot;autoplay_stopper&quot;:false,&quot;noNavigation&quot;:false,&quot;bg_slider&quot;:false,&quot;keep_padding&quot;:false,&quot;hoverpause&quot;:false,&quot;show_slide_delay&quot;:0}\"  itemprop=\"image\" itemscope=\"itemscope\" itemtype=\"https:\/\/schema.org\/ImageObject\" ><ul class='avia-slideshow-inner ' style='padding-bottom: 80.808080808081%;'><li  class='avia-slideshow-slide av-kiogtnex-282bb0d969236fa3da4d091b245560af__0  slide-1 slide-odd'><div data-rel='slideshow-1' class='avia-slide-wrap '   ><img decoding=\"async\" fetchpriority=\"high\" class=\"wp-image-1183 avia-img-lazy-loading-not-1183\"  src=\"https:\/\/biomassza.veolia.hu\/wp-content\/uploads\/pecs-minosegi-hiba-tulevel-1-495x400.jpg\" width=\"495\" height=\"400\" title='P\u00e9cs - Min\u0151s\u00e9gi hiba t\u0171lev\u00e9l 1' alt=''  itemprop=\"thumbnailUrl\" srcset=\"https:\/\/biomassza.veolia.hu\/wp-content\/uploads\/pecs-minosegi-hiba-tulevel-1-495x400.jpg 495w, https:\/\/biomassza.veolia.hu\/wp-content\/uploads\/pecs-minosegi-hiba-tulevel-1-845x684.jpg 845w\" sizes=\"(max-width: 495px) 100vw, 495px\" \/><\/div><\/li><li  class='avia-slideshow-slide av-kiogtnex-282bb0d969236fa3da4d091b245560af__1  slide-2 slide-even'><div data-rel='slideshow-1' class='avia-slide-wrap '   ><img decoding=\"async\" fetchpriority=\"high\" class=\"wp-image-1184 avia-img-lazy-loading-not-1184\"  src=\"https:\/\/biomassza.veolia.hu\/wp-content\/uploads\/pecs-minosegi-hiba-tulevel-495x400.jpg\" width=\"495\" height=\"400\" title='P\u00e9cs - Min\u0151s\u00e9gi hiba t\u0171lev\u00e9l' alt=''  itemprop=\"thumbnailUrl\" srcset=\"https:\/\/biomassza.veolia.hu\/wp-content\/uploads\/pecs-minosegi-hiba-tulevel-495x400.jpg 495w, https:\/\/biomassza.veolia.hu\/wp-content\/uploads\/pecs-minosegi-hiba-tulevel-845x684.jpg 845w\" sizes=\"(max-width: 495px) 100vw, 495px\" \/><\/div><\/li><li  class='avia-slideshow-slide av-kiogtnex-282bb0d969236fa3da4d091b245560af__2  slide-3 slide-odd'><div data-rel='slideshow-1' class='avia-slide-wrap '   ><img decoding=\"async\" fetchpriority=\"high\" class=\"wp-image-1182 avia-img-lazy-loading-not-1182\"  src=\"https:\/\/biomassza.veolia.hu\/wp-content\/uploads\/pecs-minosegi-hiba-tulevel--495x400.jpg\" width=\"495\" height=\"400\" title='P\u00e9cs - Min\u0151s\u00e9gi hiba t\u0171lev\u00e9l' alt=''  itemprop=\"thumbnailUrl\" srcset=\"https:\/\/biomassza.veolia.hu\/wp-content\/uploads\/pecs-minosegi-hiba-tulevel--495x400.jpg 495w, https:\/\/biomassza.veolia.hu\/wp-content\/uploads\/pecs-minosegi-hiba-tulevel--845x684.jpg 845w\" sizes=\"(max-width: 495px) 100vw, 495px\" \/><\/div><\/li><\/ul><div class='avia-slideshow-arrows avia-slideshow-controls' ><a href='#prev' class='prev-slide  avia-svg-icon avia-font-svg_entypo-fontello' data-av_svg_icon='left-open-big' data-av_iconset='svg_entypo-fontello' tabindex='-1' title=\"Previous\"><svg version=\"1.1\" xmlns=\"http:\/\/www.w3.org\/2000\/svg\" width=\"15\" height=\"32\" viewBox=\"0 0 15 32\" preserveAspectRatio=\"xMidYMid meet\" aria-labelledby='av-svg-title-1' aria-describedby='av-svg-desc-1' role=\"graphics-symbol\" aria-hidden=\"true\">\n<title id='av-svg-title-1'>Previous<\/title>\n<desc id='av-svg-desc-1'>Previous<\/desc>\n<path d=\"M14.464 27.84q0.832 0.832 0 1.536-0.832 0.832-1.536 0l-12.544-12.608q-0.768-0.768 0-1.6l12.544-12.608q0.704-0.832 1.536 0 0.832 0.704 0 1.536l-11.456 11.904z\"><\/path>\n<\/svg><span class='avia_hidden_link_text'>Previous<\/span><\/a><a href='#next' class='next-slide  avia-svg-icon avia-font-svg_entypo-fontello' data-av_svg_icon='right-open-big' data-av_iconset='svg_entypo-fontello' tabindex='-1' title=\"Next\"><svg version=\"1.1\" xmlns=\"http:\/\/www.w3.org\/2000\/svg\" width=\"15\" height=\"32\" viewBox=\"0 0 15 32\" preserveAspectRatio=\"xMidYMid meet\" aria-labelledby='av-svg-title-2' aria-describedby='av-svg-desc-2' role=\"graphics-symbol\" aria-hidden=\"true\">\n<title id='av-svg-title-2'>Next<\/title>\n<desc id='av-svg-desc-2'>Next<\/desc>\n<path d=\"M0.416 27.84l11.456-11.84-11.456-11.904q-0.832-0.832 0-1.536 0.832-0.832 1.536 0l12.544 12.608q0.768 0.832 0 1.6l-12.544 12.608q-0.704 0.832-1.536 0-0.832-0.704 0-1.536z\"><\/path>\n<\/svg><span class='avia_hidden_link_text'>Next<\/span><\/a><\/div><div class='avia-slideshow-dots avia-slideshow-controls'><a href='#1' class='goto-slide active' >1<\/a><a href='#2' class='goto-slide ' >2<\/a><a href='#3' class='goto-slide ' >3<\/a><\/div><\/div><br \/>\n<section  class='av_textblock_section av-39prdi-fdc9e42c10c2e56fe9a165fc9514bbad '   itemscope=\"itemscope\" itemtype=\"https:\/\/schema.org\/CreativeWork\" ><div class='avia_textblock'  itemprop=\"text\" ><p>They affect the emission limit values. Shipments are rejected.<\/p>\n<\/div><\/section><\/p><\/div>\n<style type=\"text\/css\" data-created_by=\"avia_inline_auto\" id=\"style-css-av-34dlxq-635ea5f62fd025efe481b1b554e3170c\">\n.flex_column.av-34dlxq-635ea5f62fd025efe481b1b554e3170c{\nborder-radius:0px 0px 0px 0px;\npadding:0px 0px 0px 0px;\n}\n<\/style>\n<div  class='flex_column av-34dlxq-635ea5f62fd025efe481b1b554e3170c av_one_third  avia-builder-el-7  el_after_av_one_third  el_before_av_one_third  flex_column_div av-animated-generic bottom-to-top av-zero-column-padding  '     ><p>\n<style type=\"text\/css\" data-created_by=\"avia_inline_auto\" id=\"style-css-av-av_heading-66baf072bd8a4b4b7c6db0bf32c0af91\">\n#top .av-special-heading.av-av_heading-66baf072bd8a4b4b7c6db0bf32c0af91{\npadding-bottom:0;\nfont-size:20px;\n}\nbody .av-special-heading.av-av_heading-66baf072bd8a4b4b7c6db0bf32c0af91 .av-special-heading-tag .heading-char{\nfont-size:25px;\n}\n#top #wrap_all .av-special-heading.av-av_heading-66baf072bd8a4b4b7c6db0bf32c0af91 .av-special-heading-tag{\nfont-size:20px;\n}\n.av-special-heading.av-av_heading-66baf072bd8a4b4b7c6db0bf32c0af91 .av-subheading{\nfont-size:15px;\n}\n\n@media only screen and (min-width: 480px) and (max-width: 767px){ \n#top #wrap_all .av-special-heading.av-av_heading-66baf072bd8a4b4b7c6db0bf32c0af91 .av-special-heading-tag{\nfont-size:0.8em;\n}\n}\n\n@media only screen and (max-width: 479px){ \n#top #wrap_all .av-special-heading.av-av_heading-66baf072bd8a4b4b7c6db0bf32c0af91 .av-special-heading-tag{\nfont-size:0.8em;\n}\n}\n<\/style>\n<div  class='av-special-heading av-av_heading-66baf072bd8a4b4b7c6db0bf32c0af91 av-special-heading-h2 blockquote modern-quote  avia-builder-el-8  el_before_av_slideshow  avia-builder-el-first  av-inherit-size'><h2 class='av-special-heading-tag '  itemprop=\"headline\"  >PIECES OF STONE, BRICK OR CONCRETE<\/h2><div class=\"special-heading-border\"><div class=\"special-heading-inner-border\"><\/div><\/div><\/div><br \/>\n<div  class='avia-slideshow av-kiogtnex-282bb0d969236fa3da4d091b245560af avia-slideshow-portfolio av_slideshow avia-slide-slider  avia-builder-el-9  el_after_av_heading  el_before_av_textblock  av-slideshow-ui av-control-default av-slideshow-autoplay av-loop-endless av-loop-manual-endless av-default-height-applied avia-slideshow-2' data-slideshow-options=\"{&quot;animation&quot;:&quot;slide&quot;,&quot;autoplay&quot;:true,&quot;loop_autoplay&quot;:&quot;endless&quot;,&quot;interval&quot;:5,&quot;loop_manual&quot;:&quot;manual-endless&quot;,&quot;autoplay_stopper&quot;:false,&quot;noNavigation&quot;:false,&quot;bg_slider&quot;:false,&quot;keep_padding&quot;:false,&quot;hoverpause&quot;:false,&quot;show_slide_delay&quot;:0}\"  itemprop=\"image\" itemscope=\"itemscope\" itemtype=\"https:\/\/schema.org\/ImageObject\" ><ul class='avia-slideshow-inner ' style='padding-bottom: 80.808080808081%;'><li  class='avia-slideshow-slide av-kiogtnex-282bb0d969236fa3da4d091b245560af__0  slide-1 slide-odd'><div data-rel='slideshow-2' class='avia-slide-wrap '   ><img decoding=\"async\" fetchpriority=\"high\" class=\"wp-image-1183 avia-img-lazy-loading-not-1183\"  src=\"https:\/\/biomassza.veolia.hu\/wp-content\/uploads\/pecs-minosegi-hiba-tulevel-1-495x400.jpg\" width=\"495\" height=\"400\" title='P\u00e9cs - Min\u0151s\u00e9gi hiba t\u0171lev\u00e9l 1' alt=''  itemprop=\"thumbnailUrl\" srcset=\"https:\/\/biomassza.veolia.hu\/wp-content\/uploads\/pecs-minosegi-hiba-tulevel-1-495x400.jpg 495w, https:\/\/biomassza.veolia.hu\/wp-content\/uploads\/pecs-minosegi-hiba-tulevel-1-845x684.jpg 845w\" sizes=\"(max-width: 495px) 100vw, 495px\" \/><\/div><\/li><li  class='avia-slideshow-slide av-kiogtnex-282bb0d969236fa3da4d091b245560af__1  slide-2 slide-even'><div data-rel='slideshow-2' class='avia-slide-wrap '   ><img decoding=\"async\" fetchpriority=\"high\" class=\"wp-image-1184 avia-img-lazy-loading-not-1184\"  src=\"https:\/\/biomassza.veolia.hu\/wp-content\/uploads\/pecs-minosegi-hiba-tulevel-495x400.jpg\" width=\"495\" height=\"400\" title='P\u00e9cs - Min\u0151s\u00e9gi hiba t\u0171lev\u00e9l' alt=''  itemprop=\"thumbnailUrl\" srcset=\"https:\/\/biomassza.veolia.hu\/wp-content\/uploads\/pecs-minosegi-hiba-tulevel-495x400.jpg 495w, https:\/\/biomassza.veolia.hu\/wp-content\/uploads\/pecs-minosegi-hiba-tulevel-845x684.jpg 845w\" sizes=\"(max-width: 495px) 100vw, 495px\" \/><\/div><\/li><li  class='avia-slideshow-slide av-kiogtnex-282bb0d969236fa3da4d091b245560af__2  slide-3 slide-odd'><div data-rel='slideshow-2' class='avia-slide-wrap '   ><img decoding=\"async\" fetchpriority=\"high\" class=\"wp-image-1182 avia-img-lazy-loading-not-1182\"  src=\"https:\/\/biomassza.veolia.hu\/wp-content\/uploads\/pecs-minosegi-hiba-tulevel--495x400.jpg\" width=\"495\" height=\"400\" title='P\u00e9cs - Min\u0151s\u00e9gi hiba t\u0171lev\u00e9l' alt=''  itemprop=\"thumbnailUrl\" srcset=\"https:\/\/biomassza.veolia.hu\/wp-content\/uploads\/pecs-minosegi-hiba-tulevel--495x400.jpg 495w, https:\/\/biomassza.veolia.hu\/wp-content\/uploads\/pecs-minosegi-hiba-tulevel--845x684.jpg 845w\" sizes=\"(max-width: 495px) 100vw, 495px\" \/><\/div><\/li><\/ul><div class='avia-slideshow-arrows avia-slideshow-controls' ><a href='#prev' class='prev-slide  avia-svg-icon avia-font-svg_entypo-fontello' data-av_svg_icon='left-open-big' data-av_iconset='svg_entypo-fontello' tabindex='-1' title=\"Previous\"><svg version=\"1.1\" xmlns=\"http:\/\/www.w3.org\/2000\/svg\" width=\"15\" height=\"32\" viewBox=\"0 0 15 32\" preserveAspectRatio=\"xMidYMid meet\" aria-labelledby='av-svg-title-3' aria-describedby='av-svg-desc-3' role=\"graphics-symbol\" aria-hidden=\"true\">\n<title id='av-svg-title-3'>Previous<\/title>\n<desc id='av-svg-desc-3'>Previous<\/desc>\n<path d=\"M14.464 27.84q0.832 0.832 0 1.536-0.832 0.832-1.536 0l-12.544-12.608q-0.768-0.768 0-1.6l12.544-12.608q0.704-0.832 1.536 0 0.832 0.704 0 1.536l-11.456 11.904z\"><\/path>\n<\/svg><span class='avia_hidden_link_text'>Previous<\/span><\/a><a href='#next' class='next-slide  avia-svg-icon avia-font-svg_entypo-fontello' data-av_svg_icon='right-open-big' data-av_iconset='svg_entypo-fontello' tabindex='-1' title=\"Next\"><svg version=\"1.1\" xmlns=\"http:\/\/www.w3.org\/2000\/svg\" width=\"15\" height=\"32\" viewBox=\"0 0 15 32\" preserveAspectRatio=\"xMidYMid meet\" aria-labelledby='av-svg-title-4' aria-describedby='av-svg-desc-4' role=\"graphics-symbol\" aria-hidden=\"true\">\n<title id='av-svg-title-4'>Next<\/title>\n<desc id='av-svg-desc-4'>Next<\/desc>\n<path d=\"M0.416 27.84l11.456-11.84-11.456-11.904q-0.832-0.832 0-1.536 0.832-0.832 1.536 0l12.544 12.608q0.768 0.832 0 1.6l-12.544 12.608q-0.704 0.832-1.536 0-0.832-0.704 0-1.536z\"><\/path>\n<\/svg><span class='avia_hidden_link_text'>Next<\/span><\/a><\/div><div class='avia-slideshow-dots avia-slideshow-controls'><a href='#1' class='goto-slide active' >1<\/a><a href='#2' class='goto-slide ' >2<\/a><a href='#3' class='goto-slide ' >3<\/a><\/div><\/div><br \/>\n<section  class='av_textblock_section av-2rsahq-be35091e6f70c62046b77efd60980c24 '   itemscope=\"itemscope\" itemtype=\"https:\/\/schema.org\/CreativeWork\" ><div class='avia_textblock'  itemprop=\"text\" ><p>They block or cause cracks in the fuel supply system. Shipments containing impurities are rejected.<\/p>\n<\/div><\/section><\/p><\/div>\n<style type=\"text\/css\" data-created_by=\"avia_inline_auto\" id=\"style-css-av-34dlxq-635ea5f62fd025efe481b1b554e3170c\">\n.flex_column.av-34dlxq-635ea5f62fd025efe481b1b554e3170c{\nborder-radius:0px 0px 0px 0px;\npadding:0px 0px 0px 0px;\n}\n<\/style>\n<div  class='flex_column av-34dlxq-635ea5f62fd025efe481b1b554e3170c av_one_third  avia-builder-el-11  el_after_av_one_third  el_before_av_hr  flex_column_div av-animated-generic bottom-to-top av-zero-column-padding  '     ><p>\n<style type=\"text\/css\" data-created_by=\"avia_inline_auto\" id=\"style-css-av-av_heading-f7e7c978f9dfb579e6bd1e84d92b6160\">\n#top .av-special-heading.av-av_heading-f7e7c978f9dfb579e6bd1e84d92b6160{\npadding-bottom:0;\nfont-size:20px;\n}\nbody .av-special-heading.av-av_heading-f7e7c978f9dfb579e6bd1e84d92b6160 .av-special-heading-tag .heading-char{\nfont-size:25px;\n}\n#top #wrap_all .av-special-heading.av-av_heading-f7e7c978f9dfb579e6bd1e84d92b6160 .av-special-heading-tag{\nfont-size:20px;\n}\n.av-special-heading.av-av_heading-f7e7c978f9dfb579e6bd1e84d92b6160 .av-subheading{\nfont-size:15px;\n}\n\n@media only screen and (min-width: 480px) and (max-width: 767px){ \n#top #wrap_all .av-special-heading.av-av_heading-f7e7c978f9dfb579e6bd1e84d92b6160 .av-special-heading-tag{\nfont-size:0.8em;\n}\n}\n\n@media only screen and (max-width: 479px){ \n#top #wrap_all .av-special-heading.av-av_heading-f7e7c978f9dfb579e6bd1e84d92b6160 .av-special-heading-tag{\nfont-size:0.8em;\n}\n}\n<\/style>\n<div  class='av-special-heading av-av_heading-f7e7c978f9dfb579e6bd1e84d92b6160 av-special-heading-h2 blockquote modern-quote  avia-builder-el-12  el_before_av_slideshow  avia-builder-el-first  av-inherit-size'><h2 class='av-special-heading-tag '  itemprop=\"headline\"  >SAND, SOIL<\/h2><div class=\"special-heading-border\"><div class=\"special-heading-inner-border\"><\/div><\/div><\/div><br \/>\n<div  class='avia-slideshow av-kiogtnex-282bb0d969236fa3da4d091b245560af avia-slideshow-portfolio av_slideshow avia-slide-slider  avia-builder-el-13  el_after_av_heading  el_before_av_textblock  av-slideshow-ui av-control-default av-slideshow-autoplay av-loop-endless av-loop-manual-endless av-default-height-applied avia-slideshow-3' data-slideshow-options=\"{&quot;animation&quot;:&quot;slide&quot;,&quot;autoplay&quot;:true,&quot;loop_autoplay&quot;:&quot;endless&quot;,&quot;interval&quot;:5,&quot;loop_manual&quot;:&quot;manual-endless&quot;,&quot;autoplay_stopper&quot;:false,&quot;noNavigation&quot;:false,&quot;bg_slider&quot;:false,&quot;keep_padding&quot;:false,&quot;hoverpause&quot;:false,&quot;show_slide_delay&quot;:0}\"  itemprop=\"image\" itemscope=\"itemscope\" itemtype=\"https:\/\/schema.org\/ImageObject\" ><ul class='avia-slideshow-inner ' style='padding-bottom: 80.808080808081%;'><li  class='avia-slideshow-slide av-kiogtnex-282bb0d969236fa3da4d091b245560af__0  slide-1 slide-odd'><div data-rel='slideshow-3' class='avia-slide-wrap '   ><img decoding=\"async\" fetchpriority=\"high\" class=\"wp-image-1183 avia-img-lazy-loading-not-1183\"  src=\"https:\/\/biomassza.veolia.hu\/wp-content\/uploads\/pecs-minosegi-hiba-tulevel-1-495x400.jpg\" width=\"495\" height=\"400\" title='P\u00e9cs - Min\u0151s\u00e9gi hiba t\u0171lev\u00e9l 1' alt=''  itemprop=\"thumbnailUrl\" srcset=\"https:\/\/biomassza.veolia.hu\/wp-content\/uploads\/pecs-minosegi-hiba-tulevel-1-495x400.jpg 495w, https:\/\/biomassza.veolia.hu\/wp-content\/uploads\/pecs-minosegi-hiba-tulevel-1-845x684.jpg 845w\" sizes=\"(max-width: 495px) 100vw, 495px\" \/><\/div><\/li><li  class='avia-slideshow-slide av-kiogtnex-282bb0d969236fa3da4d091b245560af__1  slide-2 slide-even'><div data-rel='slideshow-3' class='avia-slide-wrap '   ><img decoding=\"async\" fetchpriority=\"high\" class=\"wp-image-1184 avia-img-lazy-loading-not-1184\"  src=\"https:\/\/biomassza.veolia.hu\/wp-content\/uploads\/pecs-minosegi-hiba-tulevel-495x400.jpg\" width=\"495\" height=\"400\" title='P\u00e9cs - Min\u0151s\u00e9gi hiba t\u0171lev\u00e9l' alt=''  itemprop=\"thumbnailUrl\" srcset=\"https:\/\/biomassza.veolia.hu\/wp-content\/uploads\/pecs-minosegi-hiba-tulevel-495x400.jpg 495w, https:\/\/biomassza.veolia.hu\/wp-content\/uploads\/pecs-minosegi-hiba-tulevel-845x684.jpg 845w\" sizes=\"(max-width: 495px) 100vw, 495px\" \/><\/div><\/li><li  class='avia-slideshow-slide av-kiogtnex-282bb0d969236fa3da4d091b245560af__2  slide-3 slide-odd'><div data-rel='slideshow-3' class='avia-slide-wrap '   ><img decoding=\"async\" fetchpriority=\"high\" class=\"wp-image-1182 avia-img-lazy-loading-not-1182\"  src=\"https:\/\/biomassza.veolia.hu\/wp-content\/uploads\/pecs-minosegi-hiba-tulevel--495x400.jpg\" width=\"495\" height=\"400\" title='P\u00e9cs - Min\u0151s\u00e9gi hiba t\u0171lev\u00e9l' alt=''  itemprop=\"thumbnailUrl\" srcset=\"https:\/\/biomassza.veolia.hu\/wp-content\/uploads\/pecs-minosegi-hiba-tulevel--495x400.jpg 495w, https:\/\/biomassza.veolia.hu\/wp-content\/uploads\/pecs-minosegi-hiba-tulevel--845x684.jpg 845w\" sizes=\"(max-width: 495px) 100vw, 495px\" \/><\/div><\/li><\/ul><div class='avia-slideshow-arrows avia-slideshow-controls' ><a href='#prev' class='prev-slide  avia-svg-icon avia-font-svg_entypo-fontello' data-av_svg_icon='left-open-big' data-av_iconset='svg_entypo-fontello' tabindex='-1' title=\"Previous\"><svg version=\"1.1\" xmlns=\"http:\/\/www.w3.org\/2000\/svg\" width=\"15\" height=\"32\" viewBox=\"0 0 15 32\" preserveAspectRatio=\"xMidYMid meet\" aria-labelledby='av-svg-title-5' aria-describedby='av-svg-desc-5' role=\"graphics-symbol\" aria-hidden=\"true\">\n<title id='av-svg-title-5'>Previous<\/title>\n<desc id='av-svg-desc-5'>Previous<\/desc>\n<path d=\"M14.464 27.84q0.832 0.832 0 1.536-0.832 0.832-1.536 0l-12.544-12.608q-0.768-0.768 0-1.6l12.544-12.608q0.704-0.832 1.536 0 0.832 0.704 0 1.536l-11.456 11.904z\"><\/path>\n<\/svg><span class='avia_hidden_link_text'>Previous<\/span><\/a><a href='#next' class='next-slide  avia-svg-icon avia-font-svg_entypo-fontello' data-av_svg_icon='right-open-big' data-av_iconset='svg_entypo-fontello' tabindex='-1' title=\"Next\"><svg version=\"1.1\" xmlns=\"http:\/\/www.w3.org\/2000\/svg\" width=\"15\" height=\"32\" viewBox=\"0 0 15 32\" preserveAspectRatio=\"xMidYMid meet\" aria-labelledby='av-svg-title-6' aria-describedby='av-svg-desc-6' role=\"graphics-symbol\" aria-hidden=\"true\">\n<title id='av-svg-title-6'>Next<\/title>\n<desc id='av-svg-desc-6'>Next<\/desc>\n<path d=\"M0.416 27.84l11.456-11.84-11.456-11.904q-0.832-0.832 0-1.536 0.832-0.832 1.536 0l12.544 12.608q0.768 0.832 0 1.6l-12.544 12.608q-0.704 0.832-1.536 0-0.832-0.704 0-1.536z\"><\/path>\n<\/svg><span class='avia_hidden_link_text'>Next<\/span><\/a><\/div><div class='avia-slideshow-dots avia-slideshow-controls'><a href='#1' class='goto-slide active' >1<\/a><a href='#2' class='goto-slide ' >2<\/a><a href='#3' class='goto-slide ' >3<\/a><\/div><\/div><br \/>\n<section  class='av_textblock_section av-2rsahq-be35091e6f70c62046b77efd60980c24 '   itemscope=\"itemscope\" itemtype=\"https:\/\/schema.org\/CreativeWork\" ><div class='avia_textblock'  itemprop=\"text\" ><p>They cause technical problems in the combustion chamber of the boiler, reducing its capacity. Shipments containing impurities are rejected.<\/p>\n<\/div><\/section><\/p><\/div><div  class='hr av-2c62nz-6040743844984f2dbe328efcb0484817 hr-default  avia-builder-el-15  el_after_av_one_third  el_before_av_textblock '><span class='hr-inner '><span class=\"hr-inner-style\"><\/span><\/span><\/div>\n\n<style type=\"text\/css\" data-created_by=\"avia_inline_auto\" id=\"style-css-av-kire7t1u-5e81730a24e57b2f1a786458a34457f2\">\n#top .av_textblock_section.av-kire7t1u-5e81730a24e57b2f1a786458a34457f2 .avia_textblock{\nfont-size:25px;\ncolor:#000000;\n}\n<\/style>\n<section  class='av_textblock_section av-kire7t1u-5e81730a24e57b2f1a786458a34457f2 '   itemscope=\"itemscope\" itemtype=\"https:\/\/schema.org\/CreativeWork\" ><div class='avia_textblock av_inherit_color'  itemprop=\"text\" ><p style=\"text-align: center;\">Acceptance of fuel with quality defect is rejected!<\/p>\n<\/div><\/section>\n\n","protected":false},"excerpt":{"rendered":"","protected":false},"author":1,"featured_media":0,"parent":0,"menu_order":0,"comment_status":"closed","ping_status":"closed","template":"","meta":{"inline_featured_image":false,"footnotes":""},"class_list":["post-2484","page","type-page","status-publish","hentry"],"_links":{"self":[{"href":"https:\/\/biomassza.veolia.hu\/en\/wp-json\/wp\/v2\/pages\/2484","targetHints":{"allow":["GET"]}}],"collection":[{"href":"https:\/\/biomassza.veolia.hu\/en\/wp-json\/wp\/v2\/pages"}],"about":[{"href":"https:\/\/biomassza.veolia.hu\/en\/wp-json\/wp\/v2\/types\/page"}],"author":[{"embeddable":true,"href":"https:\/\/biomassza.veolia.hu\/en\/wp-json\/wp\/v2\/users\/1"}],"replies":[{"embeddable":true,"href":"https:\/\/biomassza.veolia.hu\/en\/wp-json\/wp\/v2\/comments?post=2484"}],"version-history":[{"count":0,"href":"https:\/\/biomassza.veolia.hu\/en\/wp-json\/wp\/v2\/pages\/2484\/revisions"}],"wp:attachment":[{"href":"https:\/\/biomassza.veolia.hu\/en\/wp-json\/wp\/v2\/media?parent=2484"}],"curies":[{"name":"wp","href":"https:\/\/api.w.org\/{rel}","templated":true}]}}