{"id":2534,"date":"2020-12-10T12:21:53","date_gmt":"2020-12-10T11:21:53","guid":{"rendered":"https:\/\/biomassza.veolia.hu\/salgotarjani-futomu\/"},"modified":"2021-03-16T12:59:54","modified_gmt":"2021-03-16T11:59:54","slug":"heating-plant-of-salgotarjan","status":"publish","type":"page","link":"https:\/\/biomassza.veolia.hu\/en\/heating-plant-of-salgotarjan\/","title":{"rendered":"HEATING PLANT OF SALG\u00d3TARJ\u00c1N"},"content":{"rendered":"\n<style type=\"text\/css\" data-created_by=\"avia_inline_auto\" id=\"style-css-av-kikaxiv3-85d5e5ff536f36db94468bae08e72a54\">\n.avia-section.av-kikaxiv3-85d5e5ff536f36db94468bae08e72a54{\nbackground-color:#e32534;\nbackground-image:unset;\n}\n<\/style>\n<div id='av_section_1'  class='avia-section av-kikaxiv3-85d5e5ff536f36db94468bae08e72a54 main_color avia-section-small avia-no-border-styling  avia-builder-el-0  el_before_av_two_third  avia-builder-el-first  avia-bg-style-scroll container_wrap fullsize'  ><div class='container av-section-cont-open' ><main  role=\"main\" itemprop=\"mainContentOfPage\"  class='template-page content  av-content-full alpha units'><div class='post-entry post-entry-type-page post-entry-2534'><div class='entry-content-wrapper clearfix'>\n\n<style type=\"text\/css\" data-created_by=\"avia_inline_auto\" id=\"style-css-av-kmbyoagt-2a9a90564bfcc613175a8e7efdc349e9\">\n#top .av-special-heading.av-kmbyoagt-2a9a90564bfcc613175a8e7efdc349e9{\npadding-bottom:0;\ncolor:#ffffff;\nfont-size:34px;\n}\nbody .av-special-heading.av-kmbyoagt-2a9a90564bfcc613175a8e7efdc349e9 .av-special-heading-tag .heading-char{\nfont-size:25px;\n}\n#top #wrap_all .av-special-heading.av-kmbyoagt-2a9a90564bfcc613175a8e7efdc349e9 .av-special-heading-tag{\nfont-size:34px;\n}\n.av-special-heading.av-kmbyoagt-2a9a90564bfcc613175a8e7efdc349e9 .special-heading-inner-border{\nborder-color:#ffffff;\n}\n.av-special-heading.av-kmbyoagt-2a9a90564bfcc613175a8e7efdc349e9 .av-subheading{\nfont-size:15px;\n}\n\n@media only screen and (min-width: 480px) and (max-width: 767px){ \n#top #wrap_all .av-special-heading.av-kmbyoagt-2a9a90564bfcc613175a8e7efdc349e9 .av-special-heading-tag{\nfont-size:0.8em;\n}\n}\n\n@media only screen and (max-width: 479px){ \n#top #wrap_all .av-special-heading.av-kmbyoagt-2a9a90564bfcc613175a8e7efdc349e9 .av-special-heading-tag{\nfont-size:0.8em;\n}\n}\n<\/style>\n<div  class='av-special-heading av-kmbyoagt-2a9a90564bfcc613175a8e7efdc349e9 av-special-heading-h1 custom-color-heading blockquote modern-quote  avia-builder-el-1  avia-builder-el-no-sibling  av-inherit-size'><h1 class='av-special-heading-tag '  itemprop=\"headline\"  >HEATING PLANT OF SALG\u00d3TARJ\u00c1N<\/h1><div class='av_custom_color av-subheading av-subheading_below'><p>CHP-ER\u0150M\u0170 Kft.<\/p>\n<\/div><div class=\"special-heading-border\"><div class=\"special-heading-inner-border\"><\/div><\/div><\/div>\n<\/div><\/div><\/main><!-- close content main element --><\/div><\/div><div id='after_section_1'  class='main_color av_default_container_wrap container_wrap fullsize'  ><div class='container av-section-cont-open' ><div class='template-page content  av-content-full alpha units'><div class='post-entry post-entry-type-page post-entry-2534'><div class='entry-content-wrapper clearfix'>\n<style type=\"text\/css\" data-created_by=\"avia_inline_auto\" id=\"style-css-av-cb5lwj-5c8fc7698e119826246306526c4840b2\">\n.flex_column.av-cb5lwj-5c8fc7698e119826246306526c4840b2{\nborder-radius:0px 0px 0px 0px;\npadding:0px 0px 0px 0px;\n}\n<\/style>\n<div  class='flex_column av-cb5lwj-5c8fc7698e119826246306526c4840b2 av_two_third  avia-builder-el-2  el_after_av_section  el_before_av_one_third  avia-builder-el-first  first flex_column_div av-zero-column-padding  '     ><p>\n<style type=\"text\/css\" data-created_by=\"avia_inline_auto\" id=\"style-css-av-kmbyoex9-468c3087ca022a53591989b8736ed230\">\n#top .av-special-heading.av-kmbyoex9-468c3087ca022a53591989b8736ed230{\npadding-bottom:20px;\n}\nbody .av-special-heading.av-kmbyoex9-468c3087ca022a53591989b8736ed230 .av-special-heading-tag .heading-char{\nfont-size:25px;\n}\n.av-special-heading.av-kmbyoex9-468c3087ca022a53591989b8736ed230 .av-subheading{\nfont-size:15px;\n}\n<\/style>\n<div  class='av-special-heading av-kmbyoex9-468c3087ca022a53591989b8736ed230 av-special-heading-h2 custom-color-heading blockquote modern-quote  avia-builder-el-3  el_before_av_textblock  avia-builder-el-first '><h2 class='av-special-heading-tag '  itemprop=\"headline\"  >HEATING PLANT OF SALG\u00d3TARJ\u00c1N<\/h2><div class=\"special-heading-border\"><div class=\"special-heading-inner-border\"><\/div><\/div><\/div><br \/>\n<section  class='av_textblock_section av-1a4tbl-8027cc8fc601a23563590b86e163302d '   itemscope=\"itemscope\" itemtype=\"https:\/\/schema.org\/CreativeWork\" ><div class='avia_textblock av_inherit_color'  itemprop=\"text\" ><p>In the Salg\u00f3tarj\u00e1n unit integrated into the virtual power plant of CHP-ER\u0150M\u0170 Kft. three high-capacity gas engines with a total electricity capacity of 9 MW and a further 3 MW biomass boiler provide district heat for Salg\u00f3tarj\u00e1n, the seat of N\u00f3gr\u00e1d County. The annual fuel demand of the Salg\u00f3tarj\u00e1n heating plant is approximately 3,500 tons of wood chips.<\/p>\n<\/div><\/section><br \/>\n<div  class='avia-slideshow av-kikb1dko-fee63b607887a5653c1ef6ef574ba1ce avia-slideshow-magazine av_slideshow avia-slide-slider  avia-builder-el-5  el_after_av_textblock  avia-builder-el-last  av-slideshow-ui av-control-default av-slideshow-autoplay av-loop-endless av-loop-manual-endless av-default-height-applied avia-slideshow-1' data-slideshow-options=\"{&quot;animation&quot;:&quot;slide&quot;,&quot;autoplay&quot;:true,&quot;loop_autoplay&quot;:&quot;endless&quot;,&quot;interval&quot;:5,&quot;loop_manual&quot;:&quot;manual-endless&quot;,&quot;autoplay_stopper&quot;:false,&quot;noNavigation&quot;:false,&quot;bg_slider&quot;:false,&quot;keep_padding&quot;:false,&quot;hoverpause&quot;:false,&quot;show_slide_delay&quot;:0}\"  itemprop=\"image\" itemscope=\"itemscope\" itemtype=\"https:\/\/schema.org\/ImageObject\" ><ul class='avia-slideshow-inner ' style='padding-bottom: 52.816901408451%;'><li  class='avia-slideshow-slide av-kikb1dko-fee63b607887a5653c1ef6ef574ba1ce__0  slide-1 slide-odd'><div data-rel='slideshow-1' class='avia-slide-wrap '   ><img decoding=\"async\" fetchpriority=\"high\" class=\"wp-image-2376 avia-img-lazy-loading-not-2376\"  src=\"https:\/\/biomassza.veolia.hu\/wp-content\/uploads\/salgotarjan-telephely-futomu-large-710x375.jpg\" width=\"710\" height=\"375\" title='Salg\u00f3tarj\u00e1n telephely f\u0171t\u0151m\u0171 (Large)' alt=''  itemprop=\"thumbnailUrl\"   \/><\/div><\/li><li  class='avia-slideshow-slide av-kikb1dko-fee63b607887a5653c1ef6ef574ba1ce__1  slide-2 slide-even'><div data-rel='slideshow-1' class='avia-slide-wrap '   ><img decoding=\"async\" fetchpriority=\"high\" class=\"wp-image-2300 avia-img-lazy-loading-not-2300\"  src=\"https:\/\/biomassza.veolia.hu\/wp-content\/uploads\/tata-futomu-biomassza-large-710x375.jpg\" width=\"710\" height=\"375\" title='Tata' alt='Biomassza'  itemprop=\"thumbnailUrl\"   \/><\/div><\/li><li  class='avia-slideshow-slide av-kikb1dko-fee63b607887a5653c1ef6ef574ba1ce__2  slide-3 slide-odd'><div data-rel='slideshow-1' class='avia-slide-wrap '   ><img decoding=\"async\" fetchpriority=\"high\" class=\"wp-image-1188 avia-img-lazy-loading-not-1188\"  src=\"https:\/\/biomassza.veolia.hu\/wp-content\/uploads\/pecs-faipari-mellektermek-710x375.jpg\" width=\"710\" height=\"375\" title='P\u00e9cs - Faipari mell\u00e9kterm\u00e9k' alt=''  itemprop=\"thumbnailUrl\"   \/><\/div><\/li><\/ul><div class='avia-slideshow-arrows avia-slideshow-controls' ><a href='#prev' class='prev-slide  avia-svg-icon avia-font-svg_entypo-fontello' data-av_svg_icon='left-open-big' data-av_iconset='svg_entypo-fontello' tabindex='-1' title=\"Previous\"><svg version=\"1.1\" xmlns=\"http:\/\/www.w3.org\/2000\/svg\" width=\"15\" height=\"32\" viewBox=\"0 0 15 32\" preserveAspectRatio=\"xMidYMid meet\" aria-labelledby='av-svg-title-1' aria-describedby='av-svg-desc-1' role=\"graphics-symbol\" aria-hidden=\"true\">\n<title id='av-svg-title-1'>Previous<\/title>\n<desc id='av-svg-desc-1'>Previous<\/desc>\n<path d=\"M14.464 27.84q0.832 0.832 0 1.536-0.832 0.832-1.536 0l-12.544-12.608q-0.768-0.768 0-1.6l12.544-12.608q0.704-0.832 1.536 0 0.832 0.704 0 1.536l-11.456 11.904z\"><\/path>\n<\/svg><span class='avia_hidden_link_text'>Previous<\/span><\/a><a href='#next' class='next-slide  avia-svg-icon avia-font-svg_entypo-fontello' data-av_svg_icon='right-open-big' data-av_iconset='svg_entypo-fontello' tabindex='-1' title=\"Next\"><svg version=\"1.1\" xmlns=\"http:\/\/www.w3.org\/2000\/svg\" width=\"15\" height=\"32\" viewBox=\"0 0 15 32\" preserveAspectRatio=\"xMidYMid meet\" aria-labelledby='av-svg-title-2' aria-describedby='av-svg-desc-2' role=\"graphics-symbol\" aria-hidden=\"true\">\n<title id='av-svg-title-2'>Next<\/title>\n<desc id='av-svg-desc-2'>Next<\/desc>\n<path d=\"M0.416 27.84l11.456-11.84-11.456-11.904q-0.832-0.832 0-1.536 0.832-0.832 1.536 0l12.544 12.608q0.768 0.832 0 1.6l-12.544 12.608q-0.704 0.832-1.536 0-0.832-0.704 0-1.536z\"><\/path>\n<\/svg><span class='avia_hidden_link_text'>Next<\/span><\/a><\/div><div class='avia-slideshow-dots avia-slideshow-controls'><a href='#1' class='goto-slide active' >1<\/a><a href='#2' class='goto-slide ' >2<\/a><a href='#3' class='goto-slide ' >3<\/a><\/div><\/div><\/p><\/div>\n<style type=\"text\/css\" data-created_by=\"avia_inline_auto\" id=\"style-css-av-9tlssz-53034396ac7e3e78b0b3c7ede2c47a85\">\n.flex_column.av-9tlssz-53034396ac7e3e78b0b3c7ede2c47a85{\nborder-radius:0px 0px 0px 0px;\npadding:0px 0px 0px 0px;\n}\n<\/style>\n<div  class='flex_column av-9tlssz-53034396ac7e3e78b0b3c7ede2c47a85 av_one_third  avia-builder-el-6  el_after_av_two_third  avia-builder-el-last  flex_column_div av-zero-column-padding  '     ><p>\n<style type=\"text\/css\" data-created_by=\"avia_inline_auto\" id=\"style-css-av-av_heading-2b84a4506056ee8f78b6209a7f44bdc1\">\n#top .av-special-heading.av-av_heading-2b84a4506056ee8f78b6209a7f44bdc1{\npadding-bottom:20px;\nfont-size:28px;\n}\nbody .av-special-heading.av-av_heading-2b84a4506056ee8f78b6209a7f44bdc1 .av-special-heading-tag .heading-char{\nfont-size:25px;\n}\n#top #wrap_all .av-special-heading.av-av_heading-2b84a4506056ee8f78b6209a7f44bdc1 .av-special-heading-tag{\nfont-size:28px;\n}\n.av-special-heading.av-av_heading-2b84a4506056ee8f78b6209a7f44bdc1 .av-subheading{\nfont-size:15px;\n}\n\n@media only screen and (min-width: 480px) and (max-width: 767px){ \n#top #wrap_all .av-special-heading.av-av_heading-2b84a4506056ee8f78b6209a7f44bdc1 .av-special-heading-tag{\nfont-size:0.8em;\n}\n}\n\n@media only screen and (max-width: 479px){ \n#top #wrap_all .av-special-heading.av-av_heading-2b84a4506056ee8f78b6209a7f44bdc1 .av-special-heading-tag{\nfont-size:0.8em;\n}\n}\n<\/style>\n<div  class='av-special-heading av-av_heading-2b84a4506056ee8f78b6209a7f44bdc1 av-special-heading-h2 blockquote modern-quote modern-centered  avia-builder-el-7  el_before_av_team_member  avia-builder-el-first  av-inherit-size'><h2 class='av-special-heading-tag '  itemprop=\"headline\"  >El\u00e9rhet\u0151s\u00e9g<\/h2><div class=\"special-heading-border\"><div class=\"special-heading-inner-border\"><\/div><\/div><\/div><br \/>\n<section  class='avia-team-member av-ki0ak0wt-e36e74ccdcd17db00657884ec561c236  avia-builder-el-8  el_after_av_heading  el_before_av_textblock  av-desktop-hide av-medium-hide av-small-hide av-mini-hide'  itemscope=\"itemscope\" itemtype=\"https:\/\/schema.org\/Person\" ><h3 class='team-member-name '  itemprop=\"name\" >Erd\u0151s Istv\u00e1n<\/h3><div class='team-member-job-title '  itemprop=\"jobTitle\" >Procurement manager<\/div><span class='hidden team-member-affiliation'  itemprop=\"affiliation\" >Pannon-Biomassza Kft.<\/span><\/section><br \/>\n<section  class='av_textblock_section av-hrf96-67454c9d259db42a6f57de8389dde0f2 '   itemscope=\"itemscope\" itemtype=\"https:\/\/schema.org\/CreativeWork\" ><div class='avia_textblock'  itemprop=\"text\" ><p style=\"text-align: center;\"><strong>Procurement manager::<\/strong><br \/>\nErd\u0151s Istv\u00e1n<\/p>\n<p style=\"text-align: center;\"><strong>Phone:<\/strong><br \/>\n<a href=\"tel: +30-303-6914\">+36 30 303-6914<\/a><\/p>\n<p style=\"text-align: center;\"><strong>E-mail address:<\/strong><br \/>\n<a href=\"mailto:istvan.erdos@veolia.com\">istvan.erdos@veolia.com<\/a><\/p>\n<p style=\"text-align: center;\"><strong>Site location:<\/strong><br \/>\n<a href=\"maps:daddr=48.1179352,19.8281626&amp;saddr=Current%20Location\">3100 Salg\u00f3tarj\u00e1n, Salg\u00f3 \u00fat 31.<\/a><\/p>\n<p style=\"text-align: center;\"><strong>GPS:<\/strong><br \/>\n<a href=\"maps:daddr=48.1179352,19.8281626&amp;saddr=Current%20Location\">48.1179352, 19.8281626<\/a><\/p>\n<\/div><\/section><\/p><\/div><\/p>\n","protected":false},"excerpt":{"rendered":"","protected":false},"author":1,"featured_media":2376,"parent":0,"menu_order":0,"comment_status":"closed","ping_status":"closed","template":"","meta":{"inline_featured_image":false,"footnotes":""},"class_list":["post-2534","page","type-page","status-publish","has-post-thumbnail","hentry"],"_links":{"self":[{"href":"https:\/\/biomassza.veolia.hu\/en\/wp-json\/wp\/v2\/pages\/2534","targetHints":{"allow":["GET"]}}],"collection":[{"href":"https:\/\/biomassza.veolia.hu\/en\/wp-json\/wp\/v2\/pages"}],"about":[{"href":"https:\/\/biomassza.veolia.hu\/en\/wp-json\/wp\/v2\/types\/page"}],"author":[{"embeddable":true,"href":"https:\/\/biomassza.veolia.hu\/en\/wp-json\/wp\/v2\/users\/1"}],"replies":[{"embeddable":true,"href":"https:\/\/biomassza.veolia.hu\/en\/wp-json\/wp\/v2\/comments?post=2534"}],"version-history":[{"count":0,"href":"https:\/\/biomassza.veolia.hu\/en\/wp-json\/wp\/v2\/pages\/2534\/revisions"}],"wp:featuredmedia":[{"embeddable":true,"href":"https:\/\/biomassza.veolia.hu\/en\/wp-json\/wp\/v2\/media\/2376"}],"wp:attachment":[{"href":"https:\/\/biomassza.veolia.hu\/en\/wp-json\/wp\/v2\/media?parent=2534"}],"curies":[{"name":"wp","href":"https:\/\/api.w.org\/{rel}","templated":true}]}}