{"id":2836,"date":"2023-12-19T15:53:22","date_gmt":"2023-12-19T14:53:22","guid":{"rendered":"https:\/\/biomassza.veolia.hu\/?page_id=2836"},"modified":"2023-12-19T15:53:22","modified_gmt":"2023-12-19T14:53:22","slug":"certificates","status":"publish","type":"page","link":"https:\/\/biomassza.veolia.hu\/en\/certificates\/","title":{"rendered":"Certificates"},"content":{"rendered":"\n<style type=\"text\/css\" data-created_by=\"avia_inline_auto\" id=\"style-css-av-kik8vfak-910181c89065d1f28a020fab6188c93a\">\n.avia-section.av-kik8vfak-910181c89065d1f28a020fab6188c93a{\nbackground-color:#e32535;\nbackground-image:unset;\n}\n<\/style>\n<div id='av_section_1'  class='avia-section av-kik8vfak-910181c89065d1f28a020fab6188c93a main_color avia-section-small avia-no-border-styling  avia-builder-el-0  el_before_av_one_full  avia-builder-el-first  avia-bg-style-scroll container_wrap fullsize'  ><div class='container av-section-cont-open' ><main  role=\"main\" itemprop=\"mainContentOfPage\"  class='template-page content  av-content-full alpha units'><div class='post-entry post-entry-type-page post-entry-2836'><div class='entry-content-wrapper clearfix'>\n\n<style type=\"text\/css\" data-created_by=\"avia_inline_auto\" id=\"style-css-av-lqcgr7s3-587e51b7dfc1beba64a1bb8e02947070\">\n#top .av-special-heading.av-lqcgr7s3-587e51b7dfc1beba64a1bb8e02947070{\npadding-bottom:0;\ncolor:#ffffff;\nfont-size:34px;\n}\nbody .av-special-heading.av-lqcgr7s3-587e51b7dfc1beba64a1bb8e02947070 .av-special-heading-tag .heading-char{\nfont-size:25px;\n}\n#top #wrap_all .av-special-heading.av-lqcgr7s3-587e51b7dfc1beba64a1bb8e02947070 .av-special-heading-tag{\nfont-size:34px;\n}\n.av-special-heading.av-lqcgr7s3-587e51b7dfc1beba64a1bb8e02947070 .special-heading-inner-border{\nborder-color:#ffffff;\n}\n.av-special-heading.av-lqcgr7s3-587e51b7dfc1beba64a1bb8e02947070 .av-subheading{\nfont-size:15px;\n}\n\n@media only screen and (min-width: 480px) and (max-width: 767px){ \n#top #wrap_all .av-special-heading.av-lqcgr7s3-587e51b7dfc1beba64a1bb8e02947070 .av-special-heading-tag{\nfont-size:0.8em;\n}\n}\n\n@media only screen and (max-width: 479px){ \n#top #wrap_all .av-special-heading.av-lqcgr7s3-587e51b7dfc1beba64a1bb8e02947070 .av-special-heading-tag{\nfont-size:0.8em;\n}\n}\n<\/style>\n<div  class='av-special-heading av-lqcgr7s3-587e51b7dfc1beba64a1bb8e02947070 av-special-heading-h1 custom-color-heading blockquote modern-quote  avia-builder-el-1  avia-builder-el-no-sibling  av-inherit-size'><h1 class='av-special-heading-tag '  itemprop=\"headline\"  >Certificates<\/h1><div class=\"special-heading-border\"><div class=\"special-heading-inner-border\"><\/div><\/div><\/div>\n<\/div><\/div><\/main><!-- close content main element --><\/div><\/div><div id='after_section_1'  class='main_color av_default_container_wrap container_wrap fullsize'  ><div class='container av-section-cont-open' ><div class='template-page content  av-content-full alpha units'><div class='post-entry post-entry-type-page post-entry-2836'><div class='entry-content-wrapper clearfix'>\n<style type=\"text\/css\" data-created_by=\"avia_inline_auto\" id=\"style-css-av-31yl3s-819216330652b8f317ea8df3bf89d674\">\n.flex_column.av-31yl3s-819216330652b8f317ea8df3bf89d674{\nborder-radius:0px 0px 0px 0px;\npadding:0px 0px 0px 0px;\n}\n<\/style>\n<div  class='flex_column av-31yl3s-819216330652b8f317ea8df3bf89d674 av_one_full  avia-builder-el-2  el_after_av_section  avia-builder-el-no-sibling  first flex_column_div av-zero-column-padding  '     ><section  class='av_textblock_section av-21si3s-626311867c9dc5a7ee84ed27d29bb69c '   itemscope=\"itemscope\" itemtype=\"https:\/\/schema.org\/CreativeWork\" ><div class='avia_textblock'  itemprop=\"text\" ><ul>\n<li><a href=\"https:\/\/biomassza.veolia.hu\/wp-content\/uploads\/IQNET-Pannon-Biomassza-AKIR.pdf\">IQNET-Pannon-Biomassza-AKIR<\/a><\/li>\n<li><a href=\"https:\/\/biomassza.veolia.hu\/wp-content\/uploads\/MSZT-Pannon-Biomassza-AKIR.pdf\">MSZT-Pannon-Biomassza-AKIR<\/a><\/li>\n<li><a href=\"https:\/\/biomassza.veolia.hu\/wp-content\/uploads\/altanusitvany-5-ISO-50001-magyar-HU19987-21-Pannon-Biomassza-Kft.pdf\">altan\u00fas\u00edtv\u00e1ny 5 ISO 50001 magyar HU19987-21 &#8211; Pannon-Biomassza Kft<\/a><\/li>\n<li><a href=\"https:\/\/biomassza.veolia.hu\/wp-content\/uploads\/altanusitvany-5-ISO-50001-angol-HU19987-21-Pannon-Biomassza-Kft.pdf\">altan\u00fas\u00edtv\u00e1ny 5 ISO 50001 angol HU19987-21 &#8211; Pannon-Biomassza Kft<\/a><\/li>\n<li><a href=\"https:\/\/biomassza.veolia.hu\/wp-content\/uploads\/altanusitvany-5-ISO-14001-magyar-HU19987-21-Pannon-Biomassza-Kft.pdf\">altan\u00fas\u00edtv\u00e1ny 5 ISO 14001 magyar HU19987-21 &#8211; Pannon-Biomassza Kft<\/a><\/li>\n<li><a href=\"https:\/\/biomassza.veolia.hu\/wp-content\/uploads\/altanusitvany-5-ISO-14001-angol-HU19987-21-Pannon-Biomassza-Kft.pdf\">altan\u00fas\u00edtv\u00e1ny 5 ISO 14001 angol HU19987-21 &#8211; Pannon-Biomassza Kft<\/a><\/li>\n<li><a href=\"https:\/\/biomassza.veolia.hu\/wp-content\/uploads\/altanusitvany-5-ISO-9001-magyar-HU19987-21-Pannon-Biomassza-Kft.pdf\">altan\u00fas\u00edtv\u00e1ny 5 ISO 9001 magyar HU19987-21 &#8211; Pannon-Biomassza Kft<\/a><\/li>\n<li><a href=\"https:\/\/biomassza.veolia.hu\/wp-content\/uploads\/altanusitvany-5-ISO-9001-angol-HU19987-21-Pannon-Biomassza-Kft.pdf\">altan\u00fas\u00edtv\u00e1ny 5 ISO 9001 angol HU19987-21 &#8211; Pannon-Biomassza Kft<\/a><\/li>\n<\/ul>\n<\/div><\/section><\/div><\/p>\n","protected":false},"excerpt":{"rendered":"","protected":false},"author":1,"featured_media":0,"parent":0,"menu_order":0,"comment_status":"closed","ping_status":"closed","template":"","meta":{"inline_featured_image":false,"footnotes":""},"class_list":["post-2836","page","type-page","status-publish","hentry"],"_links":{"self":[{"href":"https:\/\/biomassza.veolia.hu\/en\/wp-json\/wp\/v2\/pages\/2836","targetHints":{"allow":["GET"]}}],"collection":[{"href":"https:\/\/biomassza.veolia.hu\/en\/wp-json\/wp\/v2\/pages"}],"about":[{"href":"https:\/\/biomassza.veolia.hu\/en\/wp-json\/wp\/v2\/types\/page"}],"author":[{"embeddable":true,"href":"https:\/\/biomassza.veolia.hu\/en\/wp-json\/wp\/v2\/users\/1"}],"replies":[{"embeddable":true,"href":"https:\/\/biomassza.veolia.hu\/en\/wp-json\/wp\/v2\/comments?post=2836"}],"version-history":[{"count":1,"href":"https:\/\/biomassza.veolia.hu\/en\/wp-json\/wp\/v2\/pages\/2836\/revisions"}],"predecessor-version":[{"id":2854,"href":"https:\/\/biomassza.veolia.hu\/en\/wp-json\/wp\/v2\/pages\/2836\/revisions\/2854"}],"wp:attachment":[{"href":"https:\/\/biomassza.veolia.hu\/en\/wp-json\/wp\/v2\/media?parent=2836"}],"curies":[{"name":"wp","href":"https:\/\/api.w.org\/{rel}","templated":true}]}}